{"id":16,"date":"2026-01-26T08:25:41","date_gmt":"2026-01-26T08:25:41","guid":{"rendered":"https:\/\/xstore.8theme.com\/elementor3\/handmade-decor\/cart\/"},"modified":"2026-04-05T16:56:05","modified_gmt":"2026-04-05T14:56:05","slug":"panier","status":"publish","type":"page","link":"https:\/\/zamala.fr\/?page_id=16","title":{"rendered":"Panier"},"content":{"rendered":"\n<div data-block-name=\"woocommerce\/cart\" class=\"wp-block-woocommerce-cart alignwide is-loading\">\n<div data-block-name=\"woocommerce\/filled-cart-block\" class=\"wp-block-woocommerce-filled-cart-block\">\n<div data-block-name=\"woocommerce\/cart-items-block\" class=\"wp-block-woocommerce-cart-items-block\">\n<div data-block-name=\"woocommerce\/cart-line-items-block\" class=\"wp-block-woocommerce-cart-line-items-block\"><\/div>\n\n\n<\/div>\n\n\n\n\n<div data-block-name=\"woocommerce\/cart-totals-block\" class=\"wp-block-woocommerce-cart-totals-block\">\n<div data-block-name=\"woocommerce\/cart-order-summary-block\" class=\"wp-block-woocommerce-cart-order-summary-block\">\n<div data-block-name=\"woocommerce\/cart-order-summary-heading-block\" class=\"wp-block-woocommerce-cart-order-summary-heading-block\"><\/div><div data-block-name=\"woocommerce\/cart-order-summary-coupon-form-block\" class=\"wp-block-woocommerce-cart-order-summary-coupon-form-block\"><\/div><div data-block-name=\"woocommerce\/cart-order-summary-totals-block\" class=\"wp-block-woocommerce-cart-order-summary-totals-block\">\n<div data-block-name=\"woocommerce\/cart-order-summary-subtotal-block\" class=\"wp-block-woocommerce-cart-order-summary-subtotal-block\"><\/div>\n<div data-block-name=\"woocommerce\/cart-order-summary-discount-block\" class=\"wp-block-woocommerce-cart-order-summary-discount-block\"><\/div>\n<div data-block-name=\"woocommerce\/cart-order-summary-fee-block\" class=\"wp-block-woocommerce-cart-order-summary-fee-block\"><\/div>\n<div data-block-name=\"woocommerce\/cart-order-summary-shipping-block\" class=\"wp-block-woocommerce-cart-order-summary-shipping-block\"><\/div>\n<div data-block-name=\"woocommerce\/cart-order-summary-taxes-block\" class=\"wp-block-woocommerce-cart-order-summary-taxes-block\"><\/div><\/div>\n<\/div>\n\n\n\n<div data-block-name=\"woocommerce\/cart-express-payment-block\" class=\"wp-block-woocommerce-cart-express-payment-block\"><\/div>\n\n\n\n<div data-block-name=\"woocommerce\/proceed-to-checkout-block\" class=\"wp-block-woocommerce-proceed-to-checkout-block\"><\/div>\n\n\n\n<div data-block-name=\"woocommerce\/cart-accepted-payment-methods-block\" class=\"wp-block-woocommerce-cart-accepted-payment-methods-block\"><\/div>\n<\/div>\n<\/div>\n\n\n\n<div data-block-name=\"woocommerce\/empty-cart-block\" class=\"wp-block-woocommerce-empty-cart-block\">\n<h2 class=\"wp-block-heading has-text-align-center with-empty-cart-icon wc-block-cart__empty-cart__title\">Your cart is currently empty!<\/h2>\n\n\n\n<hr class=\"wp-block-separator has-alpha-channel-opacity is-style-dots\"\/>\n\n\n\n<h2 class=\"wp-block-heading has-text-align-center\">New in store<\/h2>\n\n\n<div data-block-name=\"woocommerce\/product-new\" data-columns=\"4\" data-rows=\"1\" class=\"wc-block-grid wp-block-product-new wp-block-woocommerce-product-new wc-block-product-new has-4-columns\"><ul class=\"wc-block-grid__products\"><li class=\"wc-block-grid__product\">\n\t\t\t\t<a href=\"https:\/\/zamala.fr\/?product=vitamine-d3-vitamine-d-3-immunite-osseuse-vit-d3-2000-ui-120-gelules\" class=\"wc-block-grid__product-link\">\n\t\t\t\t\t<div class=\"wc-block-grid__product-onsale\">\n\t\t\t<span aria-hidden=\"true\">Promo<\/span>\n\t\t\t<span class=\"screen-reader-text\">Produit en promotion<\/span>\n\t\t<\/div>\n\t\t\t\t\t<div class=\"wc-block-grid__product-image\"><img fetchpriority=\"high\" decoding=\"async\" width=\"300\" height=\"300\" src=\"https:\/\/zamala.fr\/wp-content\/uploads\/xstore\/xstore-placeholder-1x1.png\" class=\"attachment-woocommerce_thumbnail size-woocommerce_thumbnail lazyload lazyload-simple et-lazyload-fadeIn\" alt=\"Vitamine D3 Vitamine D-3 IMMUNIT\u00c9 OSSEUSE Vit D3 2000 UI 120 g\u00e9lules\" sizes=\"(max-width: 300px) 100vw, 300px\" data-src=\"https:\/\/zamala.fr\/wp-content\/uploads\/2026\/05\/imgi_11_NOW-Foods-Vitamin-D3-Witamina-D-3-ODPORNOSC-KOSCI-Wit-D3-2000-IU-120softgel-300x300.jpg\" data-srcset=\"https:\/\/zamala.fr\/wp-content\/uploads\/2026\/05\/imgi_11_NOW-Foods-Vitamin-D3-Witamina-D-3-ODPORNOSC-KOSCI-Wit-D3-2000-IU-120softgel-300x300.jpg 300w, https:\/\/zamala.fr\/wp-content\/uploads\/2026\/05\/imgi_11_NOW-Foods-Vitamin-D3-Witamina-D-3-ODPORNOSC-KOSCI-Wit-D3-2000-IU-120softgel-150x150.jpg 150w, https:\/\/zamala.fr\/wp-content\/uploads\/2026\/05\/imgi_11_NOW-Foods-Vitamin-D3-Witamina-D-3-ODPORNOSC-KOSCI-Wit-D3-2000-IU-120softgel-100x100.jpg 100w, https:\/\/zamala.fr\/wp-content\/uploads\/2026\/05\/imgi_11_NOW-Foods-Vitamin-D3-Witamina-D-3-ODPORNOSC-KOSCI-Wit-D3-2000-IU-120softgel-1x1.jpg 1w\" \/><\/div>\n\t\t\t\t\t<div class=\"wc-block-grid__product-title\">Vitamine D3 Vitamine D-3 IMMUNIT\u00c9 OSSEUSE Vit D3 2000 UI 120 g\u00e9lules<\/div>\n\t\t\t\t<\/a>\n\t\t\t\t<div class=\"wc-block-grid__product-price price\"><del aria-hidden=\"true\"><span class=\"woocommerce-Price-amount amount\">21,90&nbsp;<span class=\"woocommerce-Price-currencySymbol\">&euro;<\/span><\/span><\/del> <span class=\"screen-reader-text\">Le prix initial \u00e9tait\u00a0: 21,90&nbsp;&euro;.<\/span><ins aria-hidden=\"true\"><span class=\"woocommerce-Price-amount amount\">14,90&nbsp;<span class=\"woocommerce-Price-currencySymbol\">&euro;<\/span><\/span><\/ins><span class=\"screen-reader-text\">Le prix actuel est\u00a0: 14,90&nbsp;&euro;.<\/span><\/div>\n\t\t\t\t\n\t\t\t\t<div class=\"wp-block-button wc-block-grid__product-add-to-cart\"><a href=\"\/index.php?rest_route=%2Fwp%2Fv2%2Fpages%2F16&#038;add-to-cart=2039\" aria-label=\"Ajouter au panier\u00a0: &ldquo;Vitamine D3 Vitamine D-3 IMMUNIT\u00c9 OSSEUSE Vit D3 2000 UI 120 g\u00e9lules&rdquo;\" data-quantity=\"1\" data-product_id=\"2039\" data-product_sku=\"\" data-price=\"14.9\" rel=\"nofollow\" class=\"wp-block-button__link  add_to_cart_button ajax_add_to_cart\">Ajouter au panier<\/a><\/div>\n\t\t\t<\/li><li class=\"wc-block-grid__product\">\n\t\t\t\t<a href=\"https:\/\/zamala.fr\/?product=terroso-vase-verre-blanc-chaud-souffle-a-la-bouche-aspect-luxueux-elegant-et-style-21-cm-de-haut-aspect-marbre-vase-a-fleurs\" class=\"wc-block-grid__product-link\">\n\t\t\t\t\t\n\t\t\t\t\t<div class=\"wc-block-grid__product-image\"><img decoding=\"async\" width=\"300\" height=\"300\" src=\"https:\/\/zamala.fr\/wp-content\/uploads\/xstore\/xstore-placeholder-1x1.png\" class=\"woocommerce-placeholder wp-post-image lazyload lazyload-simple et-lazyload-fadeIn\" alt=\"\" sizes=\"(max-width: 300px) 100vw, 300px\" data-src=\"https:\/\/zamala.fr\/wp-content\/uploads\/woocommerce-placeholder-300x300.webp\" data-srcset=\"https:\/\/zamala.fr\/wp-content\/uploads\/woocommerce-placeholder-300x300.webp 300w, https:\/\/zamala.fr\/wp-content\/uploads\/woocommerce-placeholder-100x100.webp 100w, https:\/\/zamala.fr\/wp-content\/uploads\/woocommerce-placeholder-600x600.webp 600w, https:\/\/zamala.fr\/wp-content\/uploads\/woocommerce-placeholder-1024x1024.webp 1024w, https:\/\/zamala.fr\/wp-content\/uploads\/woocommerce-placeholder-150x150.webp 150w, https:\/\/zamala.fr\/wp-content\/uploads\/woocommerce-placeholder-768x768.webp 768w, https:\/\/zamala.fr\/wp-content\/uploads\/woocommerce-placeholder-1x1.webp 1w, https:\/\/zamala.fr\/wp-content\/uploads\/woocommerce-placeholder-10x10.webp 10w, https:\/\/zamala.fr\/wp-content\/uploads\/woocommerce-placeholder.webp 1200w\" \/><\/div>\n\t\t\t\t\t<div class=\"wc-block-grid__product-title\">Terroso &#8211; Vase &#8211; Verre Blanc Chaud souffl\u00e9 \u00e0 la Bouche &#8211; Aspect Luxueux, \u00e9l\u00e9gant et styl\u00e9 &#8211; 21 cm de Haut &#8211; Aspect marbre &#8211; Vase \u00e0 Fleurs<\/div>\n\t\t\t\t<\/a>\n\t\t\t\t<div class=\"wc-block-grid__product-price price\"><span class=\"woocommerce-Price-amount amount\">99,00&nbsp;<span class=\"woocommerce-Price-currencySymbol\">&euro;<\/span><\/span><\/div>\n\t\t\t\t\n\t\t\t\t<div class=\"wp-block-button wc-block-grid__product-add-to-cart\"><a href=\"\/index.php?rest_route=%2Fwp%2Fv2%2Fpages%2F16&#038;add-to-cart=2002\" aria-label=\"Ajouter au panier\u00a0: &ldquo;Terroso - Vase - Verre Blanc Chaud souffl\u00e9 \u00e0 la Bouche - Aspect Luxueux, \u00e9l\u00e9gant et styl\u00e9 - 21 cm de Haut - Aspect marbre - Vase \u00e0 Fleurs&rdquo;\" data-quantity=\"1\" data-product_id=\"2002\" data-product_sku=\"\" data-price=\"99\" rel=\"nofollow\" class=\"wp-block-button__link  add_to_cart_button ajax_add_to_cart\">Ajouter au panier<\/a><\/div>\n\t\t\t<\/li><li class=\"wc-block-grid__product\">\n\t\t\t\t<a href=\"https:\/\/zamala.fr\/?product=terroso-vase-verre-couleur-sable-souffle-a-la-bouche-aspect-luxueux-elegant-et-style-21-cm-de-haut-aspect-marbre-vase-a-fleurs\" class=\"wc-block-grid__product-link\">\n\t\t\t\t\t\n\t\t\t\t\t<div class=\"wc-block-grid__product-image\"><img decoding=\"async\" width=\"300\" height=\"300\" src=\"https:\/\/zamala.fr\/wp-content\/uploads\/xstore\/xstore-placeholder-1x1.png\" class=\"woocommerce-placeholder wp-post-image lazyload lazyload-simple et-lazyload-fadeIn\" alt=\"\" sizes=\"(max-width: 300px) 100vw, 300px\" data-src=\"https:\/\/zamala.fr\/wp-content\/uploads\/woocommerce-placeholder-300x300.webp\" data-srcset=\"https:\/\/zamala.fr\/wp-content\/uploads\/woocommerce-placeholder-300x300.webp 300w, https:\/\/zamala.fr\/wp-content\/uploads\/woocommerce-placeholder-100x100.webp 100w, https:\/\/zamala.fr\/wp-content\/uploads\/woocommerce-placeholder-600x600.webp 600w, https:\/\/zamala.fr\/wp-content\/uploads\/woocommerce-placeholder-1024x1024.webp 1024w, https:\/\/zamala.fr\/wp-content\/uploads\/woocommerce-placeholder-150x150.webp 150w, https:\/\/zamala.fr\/wp-content\/uploads\/woocommerce-placeholder-768x768.webp 768w, https:\/\/zamala.fr\/wp-content\/uploads\/woocommerce-placeholder-1x1.webp 1w, https:\/\/zamala.fr\/wp-content\/uploads\/woocommerce-placeholder-10x10.webp 10w, https:\/\/zamala.fr\/wp-content\/uploads\/woocommerce-placeholder.webp 1200w\" \/><\/div>\n\t\t\t\t\t<div class=\"wc-block-grid__product-title\">Terroso &#8211; Vase &#8211; Verre Couleur Sable souffl\u00e9 \u00e0 la Bouche &#8211; Aspect Luxueux, \u00e9l\u00e9gant et styl\u00e9 &#8211; 21 cm de Haut &#8211; Aspect marbre &#8211; Vase \u00e0 Fleurs<\/div>\n\t\t\t\t<\/a>\n\t\t\t\t<div class=\"wc-block-grid__product-price price\"><span class=\"woocommerce-Price-amount amount\">89,00&nbsp;<span class=\"woocommerce-Price-currencySymbol\">&euro;<\/span><\/span><\/div>\n\t\t\t\t\n\t\t\t\t<div class=\"wp-block-button wc-block-grid__product-add-to-cart\"><a href=\"\/index.php?rest_route=%2Fwp%2Fv2%2Fpages%2F16&#038;add-to-cart=1997\" aria-label=\"Ajouter au panier\u00a0: &ldquo;Terroso - Vase - Verre Couleur Sable souffl\u00e9 \u00e0 la Bouche - Aspect Luxueux, \u00e9l\u00e9gant et styl\u00e9 - 21 cm de Haut - Aspect marbre - Vase \u00e0 Fleurs&rdquo;\" data-quantity=\"1\" data-product_id=\"1997\" data-product_sku=\"\" data-price=\"89\" rel=\"nofollow\" class=\"wp-block-button__link  add_to_cart_button ajax_add_to_cart\">Ajouter au panier<\/a><\/div>\n\t\t\t<\/li><li class=\"wc-block-grid__product\">\n\t\t\t\t<a href=\"https:\/\/zamala.fr\/?product=fanquare-jingdezhen-vase-a-fleurs-en-ceramique-vase-decoratif-en-porcelaine-fait-main-pour-centres-de-table-haut-25-cm\" class=\"wc-block-grid__product-link\">\n\t\t\t\t\t\n\t\t\t\t\t<div class=\"wc-block-grid__product-image\"><img decoding=\"async\" width=\"300\" height=\"300\" src=\"https:\/\/zamala.fr\/wp-content\/uploads\/xstore\/xstore-placeholder-1x1.png\" class=\"woocommerce-placeholder wp-post-image lazyload lazyload-simple et-lazyload-fadeIn\" alt=\"\" sizes=\"(max-width: 300px) 100vw, 300px\" data-src=\"https:\/\/zamala.fr\/wp-content\/uploads\/woocommerce-placeholder-300x300.webp\" data-srcset=\"https:\/\/zamala.fr\/wp-content\/uploads\/woocommerce-placeholder-300x300.webp 300w, https:\/\/zamala.fr\/wp-content\/uploads\/woocommerce-placeholder-100x100.webp 100w, https:\/\/zamala.fr\/wp-content\/uploads\/woocommerce-placeholder-600x600.webp 600w, https:\/\/zamala.fr\/wp-content\/uploads\/woocommerce-placeholder-1024x1024.webp 1024w, https:\/\/zamala.fr\/wp-content\/uploads\/woocommerce-placeholder-150x150.webp 150w, https:\/\/zamala.fr\/wp-content\/uploads\/woocommerce-placeholder-768x768.webp 768w, https:\/\/zamala.fr\/wp-content\/uploads\/woocommerce-placeholder-1x1.webp 1w, https:\/\/zamala.fr\/wp-content\/uploads\/woocommerce-placeholder-10x10.webp 10w, https:\/\/zamala.fr\/wp-content\/uploads\/woocommerce-placeholder.webp 1200w\" \/><\/div>\n\t\t\t\t\t<div class=\"wc-block-grid__product-title\">fanquare Jingdezhen Vase \u00e0 Fleurs en C\u00e9ramique, Vase D\u00e9coratif en Porcelaine Fait Main pour Centres de Table, Haut 25 cm<\/div>\n\t\t\t\t<\/a>\n\t\t\t\t<div class=\"wc-block-grid__product-price price\"><span class=\"woocommerce-Price-amount amount\">129,00&nbsp;<span class=\"woocommerce-Price-currencySymbol\">&euro;<\/span><\/span><\/div>\n\t\t\t\t\n\t\t\t\t<div class=\"wp-block-button wc-block-grid__product-add-to-cart\"><a href=\"\/index.php?rest_route=%2Fwp%2Fv2%2Fpages%2F16&#038;add-to-cart=1982\" aria-label=\"Ajouter au panier\u00a0: &ldquo;fanquare Jingdezhen Vase \u00e0 Fleurs en C\u00e9ramique, Vase D\u00e9coratif en Porcelaine Fait Main pour Centres de Table, Haut 25 cm&rdquo;\" data-quantity=\"1\" data-product_id=\"1982\" data-product_sku=\"\" data-price=\"129\" rel=\"nofollow\" class=\"wp-block-button__link  add_to_cart_button ajax_add_to_cart\">Ajouter au panier<\/a><\/div>\n\t\t\t<\/li><\/ul><\/div><\/div>\n<\/div>\n","protected":false},"excerpt":{"rendered":"","protected":false},"author":1,"featured_media":0,"parent":0,"menu_order":0,"comment_status":"closed","ping_status":"closed","template":"","meta":{"footnotes":""},"class_list":["post-16","page","type-page","status-publish","hentry"],"_links":{"self":[{"href":"https:\/\/zamala.fr\/index.php?rest_route=\/wp\/v2\/pages\/16","targetHints":{"allow":["GET"]}}],"collection":[{"href":"https:\/\/zamala.fr\/index.php?rest_route=\/wp\/v2\/pages"}],"about":[{"href":"https:\/\/zamala.fr\/index.php?rest_route=\/wp\/v2\/types\/page"}],"author":[{"embeddable":true,"href":"https:\/\/zamala.fr\/index.php?rest_route=\/wp\/v2\/users\/1"}],"replies":[{"embeddable":true,"href":"https:\/\/zamala.fr\/index.php?rest_route=%2Fwp%2Fv2%2Fcomments&post=16"}],"version-history":[{"count":2,"href":"https:\/\/zamala.fr\/index.php?rest_route=\/wp\/v2\/pages\/16\/revisions"}],"predecessor-version":[{"id":1364,"href":"https:\/\/zamala.fr\/index.php?rest_route=\/wp\/v2\/pages\/16\/revisions\/1364"}],"wp:attachment":[{"href":"https:\/\/zamala.fr\/index.php?rest_route=%2Fwp%2Fv2%2Fmedia&parent=16"}],"curies":[{"name":"wp","href":"https:\/\/api.w.org\/{rel}","templated":true}]}}