{"id":1354,"date":"2026-04-04T22:56:23","date_gmt":"2026-04-04T20:56:23","guid":{"rendered":"https:\/\/zamala.fr\/product\/lot-de-4-vases-modernes-en-ceramique-couleurs-morandi-decoration-de-table-minimaliste-style-nordique-cafe-clair\/"},"modified":"2026-04-04T23:52:20","modified_gmt":"2026-04-04T21:52:20","slug":"lot-de-4-vases-modernes-en-ceramique-couleurs-morandi-decoration-de-table-minimaliste-style-nordique-cafe-clair","status":"publish","type":"product","link":"https:\/\/zamala.fr\/?product=lot-de-4-vases-modernes-en-ceramique-couleurs-morandi-decoration-de-table-minimaliste-style-nordique-cafe-clair","title":{"rendered":"Lot de 4 vases modernes en c\u00e9ramique &#8211; Couleurs Morandi &#8211; D\u00e9coration de table minimaliste &#8211; Style nordique &#8211; Caf\u00e9 clair"},"content":{"rendered":"<p>Ensemble design : quatre vases en c\u00e9ramique faits \u00e0 la main dans des tons harmonieux Morandi &#8211; mauve, anthracite, gris et terre cuite<br \/>\nStyle nordique : forme minimaliste avec diff\u00e9rentes formes &#8211; ovale, cylindrique, sph\u00e9rique et mince<br \/>\nD\u00c9CORATION POLYVALENTE : parfait comme d\u00e9coration de table moderne, individuellement ou comme ensemble pour diff\u00e9rents espaces de vie<br \/>\nMat\u00e9riau de qualit\u00e9 : c\u00e9ramique de haute qualit\u00e9 avec surface mate pour un aspect intemporel et \u00e9l\u00e9gant<br \/>\nDimensions : diff\u00e9rentes tailles de 9,5 \u00e0 25 cm de hauteur, id\u00e9al pour les petits arrangements floraux ou comme \u00e9l\u00e9ment de d\u00e9coration autonome<br \/>\nRev\u00eatement imperm\u00e9able : le mur est recouvert d&rsquo;un vernis imperm\u00e9able qui leur permet de traiter \u00e0 la fois les fleurs fra\u00eeches et paresseuses, les plantes s\u00e9ch\u00e9es et l&rsquo;herbe de la pampa.<br \/>\n<\/p>\n","protected":false},"excerpt":{"rendered":"<p>Ensemble design : quatre vases en c\u00e9ramique faits \u00e0 la main dans des tons harmonieux Morandi &#8211; mauve, anthracite, gris et terre cuite<br \/>\nStyle nordique : forme minimaliste avec diff\u00e9rentes formes &#8211; ovale, cylindrique, sph\u00e9rique et mince<br \/>\nD\u00c9CORATION POLYVALENTE : parfait comme d\u00e9coration de table moderne, individuellement ou comme ensemble pour diff\u00e9rents espaces de vie<\/p>\n","protected":false},"featured_media":1355,"comment_status":"open","ping_status":"closed","template":"","meta":[],"etheme_brands":[],"product_cat":[59,60],"product_tag":[],"class_list":{"0":"post-1354","1":"product","2":"type-product","3":"status-publish","4":"has-post-thumbnail","6":"product_cat-decoration-de-la-maison","7":"product_cat-vases","9":"first","10":"instock","11":"taxable","12":"shipping-taxable","13":"purchasable","14":"product-type-simple"},"_links":{"self":[{"href":"https:\/\/zamala.fr\/index.php?rest_route=\/wp\/v2\/product\/1354","targetHints":{"allow":["GET"]}}],"collection":[{"href":"https:\/\/zamala.fr\/index.php?rest_route=\/wp\/v2\/product"}],"about":[{"href":"https:\/\/zamala.fr\/index.php?rest_route=\/wp\/v2\/types\/product"}],"replies":[{"embeddable":true,"href":"https:\/\/zamala.fr\/index.php?rest_route=%2Fwp%2Fv2%2Fcomments&post=1354"}],"version-history":[{"count":1,"href":"https:\/\/zamala.fr\/index.php?rest_route=\/wp\/v2\/product\/1354\/revisions"}],"predecessor-version":[{"id":1361,"href":"https:\/\/zamala.fr\/index.php?rest_route=\/wp\/v2\/product\/1354\/revisions\/1361"}],"wp:featuredmedia":[{"embeddable":true,"href":"https:\/\/zamala.fr\/index.php?rest_route=\/wp\/v2\/media\/1355"}],"wp:attachment":[{"href":"https:\/\/zamala.fr\/index.php?rest_route=%2Fwp%2Fv2%2Fmedia&parent=1354"}],"wp:term":[{"taxonomy":"brand","embeddable":true,"href":"https:\/\/zamala.fr\/index.php?rest_route=%2Fwp%2Fv2%2Fetheme_brands&post=1354"},{"taxonomy":"product_cat","embeddable":true,"href":"https:\/\/zamala.fr\/index.php?rest_route=%2Fwp%2Fv2%2Fproduct_cat&post=1354"},{"taxonomy":"product_tag","embeddable":true,"href":"https:\/\/zamala.fr\/index.php?rest_route=%2Fwp%2Fv2%2Fproduct_tag&post=1354"}],"curies":[{"name":"wp","href":"https:\/\/api.w.org\/{rel}","templated":true}]}}