{"id":1489,"date":"2026-04-05T10:53:04","date_gmt":"2026-04-05T08:53:04","guid":{"rendered":"https:\/\/zamala.fr\/product\/lot-de-3-vase-decoratif-vases-fleur-petit-vase-decoration-maison-vase-ceramique-de-style-nordique-decoration-salon-de-style\/"},"modified":"2026-04-05T10:53:57","modified_gmt":"2026-04-05T08:53:57","slug":"lot-de-3-vase-decoratif-vases-fleur-petit-vase-decoration-maison-vase-ceramique-de-style-nordique-decoration-salon-de-style","status":"publish","type":"product","link":"https:\/\/zamala.fr\/?product=lot-de-3-vase-decoratif-vases-fleur-petit-vase-decoration-maison-vase-ceramique-de-style-nordique-decoration-salon-de-style","title":{"rendered":"Lot de 3 Vase Decoratif, Vases Fleur Petit Vase Decoration Maison Vase C\u00e9ramique de Style Nordique, D\u00e9coration Salon de Style"},"content":{"rendered":"<p><!-- show up to 2 reviews by default --> <\/p>\n<p><span>Le petit vase en c\u00e9ramique blanche peut \u00eatre utilis\u00e9 comme un bel objet d\u00e9coratif \u00e0 placer \u00e0 l&rsquo;int\u00e9rieur, par exemple dans le salon, la salle \u00e0 manger, la chambre \u00e0 coucher, la salle de bains, la table \u00e0 manger, l&rsquo;\u00e9tag\u00e8re, le manteau de chemin\u00e9e, le hall d&rsquo;entr\u00e9e, etc. Il peut \u00eatre utilis\u00e9 comme objet d\u00e9coratif avec des fleurs artificielles ou des fleurs fra\u00eeches. Ce vase l\u00e9ger en c\u00e9ramique rend l&rsquo;arrangement floral facile et amusant. Cr\u00e9ez un d\u00e9cor moderne et sophistiqu\u00e9 pour votre espace de vie.<\/span><\/p>\n<\/p>\n<p><span class=\"a-text-bold\">Vase blanc polyvalent pour la d\u00e9coration<\/span><\/p>\n<p><span>Les vases en c\u00e9ramique peuvent ajouter une touche unique et moderne \u00e0 n&rsquo;importe quelle pi\u00e8ce de votre maison, du salon \u00e0 la chambre \u00e0 coucher. Les vases blancs peuvent \u00e9galement \u00eatre utilis\u00e9s comme centres de table lors d&rsquo;\u00e9v\u00e9nements tels que des mariages ou des lectures de livres, ajoutant une touche unique au d\u00e9cor !<\/span><\/p>\n<\/p>\n<p><span class=\"a-text-bold\">D\u00e9coration de bureau<\/span><\/p>\n<p><span>Qu&rsquo;il s&rsquo;agisse d&rsquo;un bureau \u00e0 domicile ou d&rsquo;un bureau d&rsquo;entreprise, les petits vases peuvent ajouter une touche de sophistication \u00e0 un espace de travail.<\/span><\/p>\n<\/p>\n<p><span>Vases en c\u00e9ramique faits \u00e0 la main<\/span><\/p>\n<p><span>Tous les vases sont fabriqu\u00e9s \u00e0 la main et chaque vase est soigneusement \u00e9maill\u00e9 et unique. Le style moderne parfait pour rehausser instantan\u00e9ment le go\u00fbt de votre espace.<\/span><\/p>\n<\/p>\n<p><span class=\"a-text-bold\">Excellente id\u00e9e de cadeau<\/span><\/p>\n<p><span>Vous pouvez offrir ce vase en c\u00e9ramique blanche \u00e0 vos proches et \u00e0 vos amis qui aiment la vie.<\/span><\/p>\n<\/p>\n<p><span class=\"a-text-bold\">Le produit comprend :<\/span><\/p>\n<p><span>Vase (grand) : 10*8*20cm<\/span><\/p>\n<p><span>Vase (moyen) : 9*4.5*15.5cm<\/span><\/p>\n<p><span>Vase (petit) : 9*5*11cm<\/span><\/p>\n<\/p>\n<p>\ud83d\udc90 [Vase de conception unique] vase d&rsquo;art pliant adieu \u00e0 la forme ordinaire pr\u00e9c\u00e9dente, la conception de pliage en couches met en \u00e9vidence la beaut\u00e9 du vase, la texture de pliage du rythme est tr\u00e8s forte, de sorte que les d\u00e9tails de l&rsquo;espace sont plus textur\u00e9s, lorsque la c\u00e9ramique \u00e9l\u00e9gante rencontre la mod\u00e9lisation g\u00e9om\u00e9trique irr\u00e9guli\u00e8re, ce qui donne une atmosph\u00e8re apaisante et une contemplation tranquille.<br \/>\n\ud83c\udf3b [Le vase doit mentionner les d\u00e9tails du spectacle] vase style exquis, design simple et tridimensionnel, lignes lisses et g\u00e9n\u00e9reuses, gla\u00e7ure uniforme, ex\u00e9cution exquise et d\u00e9licate, le fond de la conception de pon\u00e7age est lisse Afin de prot\u00e9ger vos meubles, le processus est exigeant Produits de l&rsquo;\u00e9bauche au produit fini pour passer par un certain nombre de proc\u00e9dures rigoureuses, ne pas \u00e9pargner chaque d\u00e9tail.<br \/>\n\ud83c\udf3c[El\u00e9gant et intemporel] Vase est adapt\u00e9 \u00e0 diff\u00e9rents styles de sc\u00e8nes, Cet ensemble de vases en c\u00e9ramique de la nature peut \u00eatre utilis\u00e9 comme un \u00e9l\u00e9ment d\u00e9coratif, parfait pour placer des fleurs fra\u00eeches, de l&rsquo;herbe de pampa, des fleurs s\u00e9ch\u00e9es, des fleurs artificielles, des tiges, des bouquets, ajoutant une touche de couleur;humide et sec, ajoutez de l&rsquo;eau et des roses tulipes \u00e0 votre chambre \u00e0 coucher, salon, cuisine, bureau, il rendra votre maison plus vivante et ajoutera une couleur diff\u00e9rente.<br \/>\n\ud83c\udf3a[Id\u00e9al pour divers festivals\u3011Une \u0153uvre d&rsquo;art d\u00e9licate. Ce vase est un cadeau id\u00e9al pour la famille et les amis. Particuli\u00e8rement adapt\u00e9 \u00e0 ceux qui aiment les vases uniques, d\u00e9coratifs et modernes. Parfait pour un usage personnel ou comme cadeau pour la famille et les amis.Ce vase en c\u00e9ramique est un cadeau id\u00e9al pour les anniversaires, la f\u00eate des m\u00e8res, No\u00ebl, Thanksgiving, le Nouvel An et divers autres festivals importants.<br \/>\n\ud83c\udf37[Design simple\u3011Avec son design simple, il se marie parfaitement avec n&rsquo;importe quel int\u00e9rieur &#8211; qu&rsquo;il soit boh\u00e8me, scandinave ou moderne. Le design est tr\u00e8s minimaliste, bas\u00e9 sur des formes organiques et des couleurs mates naturelles. Le motif abstrait, simple et unique, ajoute de la couleur au vase, avec ou sans compositions florales. Il apporte une touche \u00e9l\u00e9gante et artistique \u00e0 la maison.<br \/>\n<\/p>\n","protected":false},"excerpt":{"rendered":"<p>\ud83d\udc90 [Vase de conception unique] vase d&rsquo;art pliant adieu \u00e0 la forme ordinaire pr\u00e9c\u00e9dente, la conception de pliage en couches met en \u00e9vidence la beaut\u00e9 du vase, la texture de pliage du rythme est tr\u00e8s forte, de sorte que les d\u00e9tails de l&rsquo;espace sont plus textur\u00e9s, lorsque la c\u00e9ramique \u00e9l\u00e9gante rencontre la mod\u00e9lisation g\u00e9om\u00e9trique irr\u00e9guli\u00e8re, ce qui donne une atmosph\u00e8re apaisante et une contemplation tranquille.<br \/>\n\ud83c\udf3b [Le vase doit mentionner les d\u00e9tails du spectacle] vase style exquis, design simple et tridimensionnel, lignes lisses et g\u00e9n\u00e9reuses, gla\u00e7ure uniforme, ex\u00e9cution exquise et d\u00e9licate, le fond de la conception de pon\u00e7age est lisse Afin de prot\u00e9ger vos meubles, le processus est exigeant Produits de l&rsquo;\u00e9bauche au produit fini pour passer par un certain nombre de proc\u00e9dures rigoureuses, ne pas \u00e9pargner chaque d\u00e9tail.<br \/>\n\ud83c\udf3c[El\u00e9gant et intemporel] Vase est adapt\u00e9 \u00e0 diff\u00e9rents styles de sc\u00e8nes, Cet ensemble de vases en c\u00e9ramique de la nature peut \u00eatre utilis\u00e9 comme un \u00e9l\u00e9ment d\u00e9coratif, parfait pour placer des fleurs fra\u00eeches, de l&rsquo;herbe de pampa, des fleurs s\u00e9ch\u00e9es, des fleurs artificielles, des tiges, des bouquets, ajoutant une touche de couleur;humide et sec, ajoutez de l&rsquo;eau et des roses tulipes \u00e0 votre chambre \u00e0 coucher, salon, cuisine, bureau, il rendra votre maison plus vivante et ajoutera une couleur diff\u00e9rente.<\/p>\n","protected":false},"featured_media":1490,"comment_status":"open","ping_status":"closed","template":"","meta":[],"etheme_brands":[],"product_brand":[],"product_cat":[59,60],"product_tag":[],"class_list":{"0":"post-1489","1":"product","2":"type-product","3":"status-publish","4":"has-post-thumbnail","6":"product_cat-decoration-de-la-maison","7":"product_cat-vases","9":"first","10":"instock","11":"shipping-taxable","12":"purchasable","13":"product-type-simple"},"_links":{"self":[{"href":"https:\/\/zamala.fr\/index.php?rest_route=\/wp\/v2\/product\/1489","targetHints":{"allow":["GET"]}}],"collection":[{"href":"https:\/\/zamala.fr\/index.php?rest_route=\/wp\/v2\/product"}],"about":[{"href":"https:\/\/zamala.fr\/index.php?rest_route=\/wp\/v2\/types\/product"}],"replies":[{"embeddable":true,"href":"https:\/\/zamala.fr\/index.php?rest_route=%2Fwp%2Fv2%2Fcomments&post=1489"}],"version-history":[{"count":1,"href":"https:\/\/zamala.fr\/index.php?rest_route=\/wp\/v2\/product\/1489\/revisions"}],"predecessor-version":[{"id":1497,"href":"https:\/\/zamala.fr\/index.php?rest_route=\/wp\/v2\/product\/1489\/revisions\/1497"}],"wp:featuredmedia":[{"embeddable":true,"href":"https:\/\/zamala.fr\/index.php?rest_route=\/wp\/v2\/media\/1490"}],"wp:attachment":[{"href":"https:\/\/zamala.fr\/index.php?rest_route=%2Fwp%2Fv2%2Fmedia&parent=1489"}],"wp:term":[{"taxonomy":"brand","embeddable":true,"href":"https:\/\/zamala.fr\/index.php?rest_route=%2Fwp%2Fv2%2Fetheme_brands&post=1489"},{"taxonomy":"product_brand","embeddable":true,"href":"https:\/\/zamala.fr\/index.php?rest_route=%2Fwp%2Fv2%2Fproduct_brand&post=1489"},{"taxonomy":"product_cat","embeddable":true,"href":"https:\/\/zamala.fr\/index.php?rest_route=%2Fwp%2Fv2%2Fproduct_cat&post=1489"},{"taxonomy":"product_tag","embeddable":true,"href":"https:\/\/zamala.fr\/index.php?rest_route=%2Fwp%2Fv2%2Fproduct_tag&post=1489"}],"curies":[{"name":"wp","href":"https:\/\/api.w.org\/{rel}","templated":true}]}}