{"id":1498,"date":"2026-04-05T10:54:22","date_gmt":"2026-04-05T08:54:22","guid":{"rendered":"https:\/\/zamala.fr\/product\/peuz-stone-tower-vase-en-ceramique-sculptural-avec-texture-de-pierre-brute-pour-fleurs-sechees-herbe-de-pampa-fleurs-fraiches-ou-objet-decoratif-fait-a-la-main-blanc-mat-environ-20-cm\/"},"modified":"2026-04-05T10:55:20","modified_gmt":"2026-04-05T08:55:20","slug":"peuz-stone-tower-vase-en-ceramique-sculptural-avec-texture-de-pierre-brute-pour-fleurs-sechees-herbe-de-pampa-fleurs-fraiches-ou-objet-decoratif-fait-a-la-main-blanc-mat-environ-20-cm","status":"publish","type":"product","link":"https:\/\/zamala.fr\/?product=peuz-stone-tower-vase-en-ceramique-sculptural-avec-texture-de-pierre-brute-pour-fleurs-sechees-herbe-de-pampa-fleurs-fraiches-ou-objet-decoratif-fait-a-la-main-blanc-mat-environ-20-cm","title":{"rendered":"PEUZ Stone Tower Vase en c\u00e9ramique sculptural avec texture de pierre brute pour fleurs s\u00e9ch\u00e9es, herbe de pampa, fleurs fra\u00eeches ou objet d\u00e9coratif, fait \u00e0 la main, blanc mat, environ 20 cm"},"content":{"rendered":"<p>Design culturel : la forme en tour avec des courbes naturelles donne \u00e0 ce vase une forte pr\u00e9sence artistique.<br \/>\nStructure en pierre corrosive : la surface rugueuse et mate rappelle la v\u00e9ritable pierre naturelle, \u00e9l\u00e9gante, \u00e9pur\u00e9e et intemporelle.<br \/>\nUtilisation polyvalente : convient pour les fleurs s\u00e9ch\u00e9es, l&rsquo;herbe de la pampa, les fleurs fra\u00eeches ou comme d\u00e9coration ind\u00e9pendante.<br \/>\nQualit\u00e9 artisanale : c\u00e9ramique de haute qualit\u00e9, fabriqu\u00e9e \u00e0 la main individuellement &#8211; chaque vase est unique.<br \/>\nBeau et stable : le dessous en feutre souple prot\u00e8ge les meubles et assure un support s\u00fbr et sans rayures.<br \/>\n<\/p>\n","protected":false},"excerpt":{"rendered":"<p>Design culturel : la forme en tour avec des courbes naturelles donne \u00e0 ce vase une forte pr\u00e9sence artistique.<br \/>\nStructure en pierre corrosive : la surface rugueuse et mate rappelle la v\u00e9ritable pierre naturelle, \u00e9l\u00e9gante, \u00e9pur\u00e9e et intemporelle.<br \/>\nUtilisation polyvalente : convient pour les fleurs s\u00e9ch\u00e9es, l&rsquo;herbe de la pampa, les fleurs fra\u00eeches ou comme d\u00e9coration ind\u00e9pendante.<\/p>\n","protected":false},"featured_media":1499,"comment_status":"open","ping_status":"closed","template":"","meta":[],"etheme_brands":[],"product_brand":[],"product_cat":[59,60],"product_tag":[],"class_list":{"0":"post-1498","1":"product","2":"type-product","3":"status-publish","4":"has-post-thumbnail","6":"product_cat-decoration-de-la-maison","7":"product_cat-vases","9":"first","10":"instock","11":"sale","12":"shipping-taxable","13":"purchasable","14":"product-type-simple"},"_links":{"self":[{"href":"https:\/\/zamala.fr\/index.php?rest_route=\/wp\/v2\/product\/1498","targetHints":{"allow":["GET"]}}],"collection":[{"href":"https:\/\/zamala.fr\/index.php?rest_route=\/wp\/v2\/product"}],"about":[{"href":"https:\/\/zamala.fr\/index.php?rest_route=\/wp\/v2\/types\/product"}],"replies":[{"embeddable":true,"href":"https:\/\/zamala.fr\/index.php?rest_route=%2Fwp%2Fv2%2Fcomments&post=1498"}],"version-history":[{"count":1,"href":"https:\/\/zamala.fr\/index.php?rest_route=\/wp\/v2\/product\/1498\/revisions"}],"predecessor-version":[{"id":1504,"href":"https:\/\/zamala.fr\/index.php?rest_route=\/wp\/v2\/product\/1498\/revisions\/1504"}],"wp:featuredmedia":[{"embeddable":true,"href":"https:\/\/zamala.fr\/index.php?rest_route=\/wp\/v2\/media\/1499"}],"wp:attachment":[{"href":"https:\/\/zamala.fr\/index.php?rest_route=%2Fwp%2Fv2%2Fmedia&parent=1498"}],"wp:term":[{"taxonomy":"brand","embeddable":true,"href":"https:\/\/zamala.fr\/index.php?rest_route=%2Fwp%2Fv2%2Fetheme_brands&post=1498"},{"taxonomy":"product_brand","embeddable":true,"href":"https:\/\/zamala.fr\/index.php?rest_route=%2Fwp%2Fv2%2Fproduct_brand&post=1498"},{"taxonomy":"product_cat","embeddable":true,"href":"https:\/\/zamala.fr\/index.php?rest_route=%2Fwp%2Fv2%2Fproduct_cat&post=1498"},{"taxonomy":"product_tag","embeddable":true,"href":"https:\/\/zamala.fr\/index.php?rest_route=%2Fwp%2Fv2%2Fproduct_tag&post=1498"}],"curies":[{"name":"wp","href":"https:\/\/api.w.org\/{rel}","templated":true}]}}