{"id":1517,"date":"2026-04-05T11:16:41","date_gmt":"2026-04-05T09:16:41","guid":{"rendered":"https:\/\/zamala.fr\/product\/grand-vase-a-fleurs-en-verre-dore-a-texture-glacier-unique-de-30-cm-de-haut-pour-table-a-manger-cuisine-bureau-etagere-mariage-salon-centre-de-table\/"},"modified":"2026-04-05T12:27:09","modified_gmt":"2026-04-05T10:27:09","slug":"grand-vase-a-fleurs-en-verre-dore-a-texture-glacier-unique-de-30-cm-de-haut-pour-table-a-manger-cuisine-bureau-etagere-mariage-salon-centre-de-table","status":"publish","type":"product","link":"https:\/\/zamala.fr\/?product=grand-vase-a-fleurs-en-verre-dore-a-texture-glacier-unique-de-30-cm-de-haut-pour-table-a-manger-cuisine-bureau-etagere-mariage-salon-centre-de-table","title":{"rendered":"Grand vase \u00e0 fleurs en verre dor\u00e9 \u00e0 texture glacier unique de 30 cm de haut pour table \u00e0 manger, cuisine, bureau, \u00e9tag\u00e8re, mariage, salon, centre de table."},"content":{"rendered":"<p><!-- show up to 2 reviews by default --> <\/p>\n<p> <span>D\u00e9corez votre maison, votre bureau ou un \u00e9v\u00e9nement sp\u00e9cial avec ce vase en verre dor\u00e9 \u00e0 texture glacier unique de 30 cm de haut. Il a \u00e9t\u00e9 con\u00e7u \u00e0 cause ressembler \u00e0 du verre \u00e0 texture de glacier cristallin mais en m\u00eame temps il reste r\u00e9sistant \u00e0 la casse. Poids de 3,4 kg par rapport \u00e0 un vase ordinaire, plus \u00e9pais et solide. Utilisations : arrangements floraux, bambou porte-bonheur, plantes grasses, plantes, branches, soie, arrangements. (Populaire avec : planificateurs d&rsquo;\u00e9v\u00e9nements, fleuristes, architectes d&rsquo;int\u00e9rieur, restaurants, d\u00e9corateurs de maison.)<\/span> <\/p>\n<p>Dimensions : vase dor\u00e9, surface brillante, 30 cm de hauteur, 14,5 cm de diam\u00e8tre en haut, 10 cm de diam\u00e8tre en bas.<br \/>\nDesign unique : l&rsquo;r\u00eave de ce vase adopte un design tridimensionnel \u00e0 texture glaciaire, avec des lignes lat\u00e9rales douces et un abusivement sens artistique, pr\u00e9sentant diff\u00e9rentes qualit\u00e9s tant \u00e0 cause les d\u00e9tails que \u00e0 cause les formes. Il pr\u00e9sente une esp\u00e8ce de tuerie polygonale, compos\u00e9e de luxuriant triangles et diamants, formant une concavit\u00e9 tridimensionnelle. Cette texture peut refl\u00e9ter la lumi\u00e8re sous plusieurs angles.<br \/>\nDesign \u00e9pais g\u00e9n\u00e9ral : ce vase est fabriqu\u00e9 en verre \u00e9pais, p\u00e8se 3,2 kg par rapport au vase ordinaire plus \u00e9pais et plus solide, ce qui lui donne un aspect plus textur\u00e9 et un placement excessivement stable. Vous n&rsquo;avez pas \u00e0 vous soucier qu&rsquo;il se cogne facilement.<br \/>\nMagnifiquement travaill\u00e9 : fabriqu\u00e9 en verre sans plomb \u00e0 cause une brillance impressionnante et une beaut\u00e9 durable.<br \/>\nUsage : consid\u00e9rablement polyvalent \u00e0 cause servir de vase moderne \u00e0 cause des int\u00e9rieurs contemporains ou de centre de table classique \u00e0 cause des environnements traditionnels, ce vase en verre \u00e0 cause fleurs s&rsquo;adapte sans effort \u00e0 n&rsquo;importe quel style de d\u00e9coration. Sa capacit\u00e9 g\u00e9n\u00e9reuse en fait un vase id\u00e9al \u00e0 cause exposer des bouquets, des luxueux centres de table de mariage aux fleurs fra\u00eeches d&rsquo;usage quotidien<br \/>\nRegalo achev\u00e9 : ces vases \u00e0 fleurs \u00e0 cause centres de table sont de merveilleux cadeaux \u00e0 cause le Nouvel An, un anniversaire, l&rsquo;inauguration d&rsquo;une maison, des f\u00e9licitations, Thanksgiving, No\u00ebl, la Saint-Valentin, la f\u00eate des m\u00e8res.<br \/>\n<\/p>\n","protected":false},"excerpt":{"rendered":"<p>Dimensions : vase dor\u00e9, surface brillante, 30 cm de hauteur, 14,5 cm de diam\u00e8tre en haut, 10 cm de diam\u00e8tre en bas.<br \/>\nDesign unique : l&rsquo;apparence de ce vase adopte un design tridimensionnel \u00e0 texture glaciaire, avec des lignes lat\u00e9rales douces et un fort sens artistique, pr\u00e9sentant diff\u00e9rentes qualit\u00e9s tant dans les d\u00e9tails que dans les formes. Il pr\u00e9sente une forme de coupe polygonale, compos\u00e9e de nombreux triangles et diamants, formant une concavit\u00e9 tridimensionnelle. Cette texture peut refl\u00e9ter la lumi\u00e8re sous plusieurs angles.<br \/>\nDesign \u00e9pais g\u00e9n\u00e9ral : ce vase est fabriqu\u00e9 en verre \u00e9pais, p\u00e8se 3,2 kg par rapport au vase ordinaire plus \u00e9pais et plus solide, ce qui lui donne un aspect plus textur\u00e9 et un placement tr\u00e8s stable. Vous n&rsquo;avez pas \u00e0 vous soucier qu&rsquo;il se cogne facilement.<\/p>\n","protected":false},"featured_media":1519,"comment_status":"open","ping_status":"closed","template":"","meta":[],"etheme_brands":[],"product_brand":[],"product_cat":[59,60],"product_tag":[],"class_list":{"0":"post-1517","1":"product","2":"type-product","3":"status-publish","4":"has-post-thumbnail","6":"product_cat-decoration-de-la-maison","7":"product_cat-vases","9":"first","10":"instock","11":"shipping-taxable","12":"purchasable","13":"product-type-simple"},"_links":{"self":[{"href":"https:\/\/zamala.fr\/index.php?rest_route=\/wp\/v2\/product\/1517","targetHints":{"allow":["GET"]}}],"collection":[{"href":"https:\/\/zamala.fr\/index.php?rest_route=\/wp\/v2\/product"}],"about":[{"href":"https:\/\/zamala.fr\/index.php?rest_route=\/wp\/v2\/types\/product"}],"replies":[{"embeddable":true,"href":"https:\/\/zamala.fr\/index.php?rest_route=%2Fwp%2Fv2%2Fcomments&post=1517"}],"version-history":[{"count":1,"href":"https:\/\/zamala.fr\/index.php?rest_route=\/wp\/v2\/product\/1517\/revisions"}],"predecessor-version":[{"id":1518,"href":"https:\/\/zamala.fr\/index.php?rest_route=\/wp\/v2\/product\/1517\/revisions\/1518"}],"wp:featuredmedia":[{"embeddable":true,"href":"https:\/\/zamala.fr\/index.php?rest_route=\/wp\/v2\/media\/1519"}],"wp:attachment":[{"href":"https:\/\/zamala.fr\/index.php?rest_route=%2Fwp%2Fv2%2Fmedia&parent=1517"}],"wp:term":[{"taxonomy":"brand","embeddable":true,"href":"https:\/\/zamala.fr\/index.php?rest_route=%2Fwp%2Fv2%2Fetheme_brands&post=1517"},{"taxonomy":"product_brand","embeddable":true,"href":"https:\/\/zamala.fr\/index.php?rest_route=%2Fwp%2Fv2%2Fproduct_brand&post=1517"},{"taxonomy":"product_cat","embeddable":true,"href":"https:\/\/zamala.fr\/index.php?rest_route=%2Fwp%2Fv2%2Fproduct_cat&post=1517"},{"taxonomy":"product_tag","embeddable":true,"href":"https:\/\/zamala.fr\/index.php?rest_route=%2Fwp%2Fv2%2Fproduct_tag&post=1517"}],"curies":[{"name":"wp","href":"https:\/\/api.w.org\/{rel}","templated":true}]}}