{"id":1564,"date":"2026-04-05T11:44:38","date_gmt":"2026-04-05T09:44:38","guid":{"rendered":"https:\/\/zamala.fr\/product\/terroso-vase-verre-noir-souffle-a-la-bouche-aspect-luxueux-elegant-et-style-33-cm-de-haut-aspect-marbre-vase-a-fleurs\/"},"modified":"2026-04-05T12:00:27","modified_gmt":"2026-04-05T10:00:27","slug":"terroso-vase-verre-noir-souffle-a-la-bouche-aspect-luxueux-elegant-et-style-33-cm-de-haut-aspect-marbre-vase-a-fleurs","status":"publish","type":"product","link":"https:\/\/zamala.fr\/?product=terroso-vase-verre-noir-souffle-a-la-bouche-aspect-luxueux-elegant-et-style-33-cm-de-haut-aspect-marbre-vase-a-fleurs","title":{"rendered":"Terroso &#8211; Vase &#8211; Verre Noir souffl\u00e9 \u00e0 la Bouche &#8211; Aspect Luxueux, \u00e9l\u00e9gant et styl\u00e9 &#8211; 33 cm de Haut &#8211; Aspect marbre &#8211; Vase \u00e0 Fleurs"},"content":{"rendered":"<p><!-- show up to 2 reviews by default --> <\/p>\n<p><span>Chez Terroso, nous pr\u00e9sentons une collection unique de vases en verre \u00e9l\u00e9gants avec un aspect marbr\u00e9 envahissant.<\/p>\n<p>Ces \u0153uvres uniques r\u00e9unissent la clart\u00e9 et la beaut\u00e9 du verre avec l&rsquo;\u00e9l\u00e9gance intemporelle du marbre.<\/p>\n<p>Chacun de ces vases est une \u0153uvre d&rsquo;art en soi, pens\u00e9e \u00e0 cause apporter une touche de luxe et de raffinement \u00e0 n&rsquo;importe quel int\u00e9rieur.<\/p>\n<p>Plongeons \u00e0 cause leurs univers enchanteur et d\u00e9couvrons pourquoi ces vases sont des \u00e9l\u00e9ments essentiels de toute pi\u00e8ce \u00e9l\u00e9gante. Qu&rsquo;est-ce qui rend nos vases si originaux ?<\/p>\n<p> <\/span><\/p>\n<ul class=\"a-unordered-list a-vertical\">\n<li><span class=\"a-list-item\"><span>C&rsquo;est un chef-d&rsquo;\u0153uvre \u00e0 la main fait de verre, \u00e0 l&rsquo;aspect marbr\u00e9 : nos vases sont confectionn\u00e9s pr\u00e9cis par les artisans les plus exp\u00e9riment\u00e9s d&rsquo;Europe. Chaque pi\u00e8ce est fabriqu\u00e9e avec soin et pr\u00e9cision, alliant savoir-faire et expertise. En utilisant du verre de haute qualit\u00e9 et en reproduisant l&rsquo;aspect du marbre, chaque vase est une \u0153uvre d&rsquo;art unique.<\/span><\/span><\/li>\n<li><span class=\"a-list-item\"><span>Des designs d&rsquo;une \u00e9l\u00e9gance intemporelle : \u00e0 nous gamme comprend des formes, des tailles et des couleurs vari\u00e9es \u00e0 cause s&rsquo;adapter \u00e0 tous les go\u00fbts et \u00e0 tous les types d&rsquo;int\u00e9rieurs. Depuis des formes cylindriques \u00e9l\u00e9gantes jusqu&rsquo;\u00e0 des designs asym\u00e9triques audacieux, il y en a \u00e0 cause tous les go\u00fbts. Les nervures et les textures subtiles de l&rsquo;aspect marbre ajoutent une touche de raffinement, conf\u00e9rant aux vases une \u00e9l\u00e9gance intemporelle.<\/span><\/span><\/li>\n<\/ul>\n<p><span>Un peu de luxe \u00e0 cause chaque maison : un vase en verre \u00e0 l&rsquo;aspect marbr\u00e9 est le meilleur moyen d&rsquo;ajouter une touche de raffinement \u00e0 votre int\u00e9rieur. Posez un vase sur une table \u00e0 manger, un buffet ou un rebord de fen\u00eatre et vous verrez l&rsquo;ab\u00eeme se transformer instantan\u00e9ment. La brillance du verre et les d\u00e9tails en marbre<\/span><span>cr\u00e9ent une ambiance raffin\u00e9e et \u00e9l\u00e9gante, donnant vie \u00e0 n&rsquo;importe quelle pi\u00e8ce.<\/span><\/p>\n<\/p>\n<p>Ajoutez une touche d&rsquo;\u00e9l\u00e9gance et de style \u00e0 votre int\u00e9rieur avec \u00e0 nous luxueuse vase noir (26 CM X 33 CM X 26 CM). Cette luxueuse \u0153uvre d&rsquo;art met en valeur vos fleurs et vos bouquets favoris.<br \/>\nLe r\u00e9cipient est fabriqu\u00e9 en un verre souffl\u00e9 \u00e0 la bouche, de haute qualit\u00e9, assurant une longue durabilit\u00e9 et des ann\u00e9es d&rsquo;utilisation.<br \/>\nChaque \u00e9l\u00e9ment est soigneusement d\u00e9cor\u00e9 et confectionn\u00e9 pr\u00e9cis, ce qui donne au vase un aspect luxueux qui s&rsquo;int\u00e8gre harmonieusement \u00e0 cause des int\u00e9rieurs modernes, classiques ou contemporains.<br \/>\nQue ce soit \u00e0 cause embellir votre salon, votre salle \u00e0 manger, votre bureau ou \u00e0 cause une ad\u00e9quation sp\u00e9ciale, ce vase ne manquera pas de faire sensation. Les diff\u00e9rentes tailles et mod\u00e8les disponibles vous permettent de trouver celui qui vous convient le mieux<br \/>\nLes vases sont soigneusement emball\u00e9s et contr\u00f4l\u00e9s lors de l&rsquo;exp\u00e9dition afin de minimiser les dommages \u00e9ventuels. Il est bon de le savoir, m\u00eame lorsque le vase est donn\u00e9 en cadeau.<br \/>\n<\/p>\n","protected":false},"excerpt":{"rendered":"<p>Ajoutez une touche d&rsquo;\u00e9l\u00e9gance et de style \u00e0 votre int\u00e9rieur avec notre magnifique vase noir (26 CM X 33 CM X 26 CM). Cette magnifique \u0153uvre d&rsquo;art met en valeur vos fleurs et vos bouquets favoris.<br \/>\nLe r\u00e9cipient est fabriqu\u00e9 en un verre souffl\u00e9 \u00e0 la bouche, de haute qualit\u00e9, assurant une longue durabilit\u00e9 et des ann\u00e9es d&rsquo;utilisation.<br \/>\nChaque \u00e9l\u00e9ment est soigneusement d\u00e9cor\u00e9 et confectionn\u00e9 \u00e0 la main, ce qui donne au vase un aspect luxueux qui s&rsquo;int\u00e8gre harmonieusement dans des int\u00e9rieurs modernes, classiques ou contemporains.<\/p>\n","protected":false},"featured_media":1566,"comment_status":"open","ping_status":"closed","template":"","meta":[],"etheme_brands":[],"product_brand":[],"product_cat":[59,60],"product_tag":[],"class_list":{"0":"post-1564","1":"product","2":"type-product","3":"status-publish","4":"has-post-thumbnail","6":"product_cat-decoration-de-la-maison","7":"product_cat-vases","9":"first","10":"instock","11":"shipping-taxable","12":"purchasable","13":"product-type-simple"},"_links":{"self":[{"href":"https:\/\/zamala.fr\/index.php?rest_route=\/wp\/v2\/product\/1564","targetHints":{"allow":["GET"]}}],"collection":[{"href":"https:\/\/zamala.fr\/index.php?rest_route=\/wp\/v2\/product"}],"about":[{"href":"https:\/\/zamala.fr\/index.php?rest_route=\/wp\/v2\/types\/product"}],"replies":[{"embeddable":true,"href":"https:\/\/zamala.fr\/index.php?rest_route=%2Fwp%2Fv2%2Fcomments&post=1564"}],"version-history":[{"count":1,"href":"https:\/\/zamala.fr\/index.php?rest_route=\/wp\/v2\/product\/1564\/revisions"}],"predecessor-version":[{"id":1565,"href":"https:\/\/zamala.fr\/index.php?rest_route=\/wp\/v2\/product\/1564\/revisions\/1565"}],"wp:featuredmedia":[{"embeddable":true,"href":"https:\/\/zamala.fr\/index.php?rest_route=\/wp\/v2\/media\/1566"}],"wp:attachment":[{"href":"https:\/\/zamala.fr\/index.php?rest_route=%2Fwp%2Fv2%2Fmedia&parent=1564"}],"wp:term":[{"taxonomy":"brand","embeddable":true,"href":"https:\/\/zamala.fr\/index.php?rest_route=%2Fwp%2Fv2%2Fetheme_brands&post=1564"},{"taxonomy":"product_brand","embeddable":true,"href":"https:\/\/zamala.fr\/index.php?rest_route=%2Fwp%2Fv2%2Fproduct_brand&post=1564"},{"taxonomy":"product_cat","embeddable":true,"href":"https:\/\/zamala.fr\/index.php?rest_route=%2Fwp%2Fv2%2Fproduct_cat&post=1564"},{"taxonomy":"product_tag","embeddable":true,"href":"https:\/\/zamala.fr\/index.php?rest_route=%2Fwp%2Fv2%2Fproduct_tag&post=1564"}],"curies":[{"name":"wp","href":"https:\/\/api.w.org\/{rel}","templated":true}]}}