{"id":1571,"date":"2026-04-05T11:45:14","date_gmt":"2026-04-05T09:45:14","guid":{"rendered":"https:\/\/zamala.fr\/product\/vase-en-ceramique-moderne-boheme-beige-decoratif-vase-a-fleurs-esthetique-pour-la-maison-le-salon-la-chambre-a-coucher-le-bureau-la-ferme\/"},"modified":"2026-04-05T12:00:14","modified_gmt":"2026-04-05T10:00:14","slug":"vase-en-ceramique-moderne-boheme-beige-decoratif-vase-a-fleurs-esthetique-pour-la-maison-le-salon-la-chambre-a-coucher-le-bureau-la-ferme","status":"publish","type":"product","link":"https:\/\/zamala.fr\/?product=vase-en-ceramique-moderne-boheme-beige-decoratif-vase-a-fleurs-esthetique-pour-la-maison-le-salon-la-chambre-a-coucher-le-bureau-la-ferme","title":{"rendered":"Vase en C\u00e9ramique, Moderne Boh\u00e8me Beige D\u00e9coratif Vase \u00e0 Fleurs Esth\u00e9tique pour la Maison, Le Salon, la Chambre \u00e0 Coucher, Le Bureau, la Ferme"},"content":{"rendered":"<p>Mat\u00e9riau de qualit\u00e9 abbesse : le vase \u00e0 fleurs beige est compos\u00e9 \u00e0 100 % de c\u00e9ramique et d&rsquo;argile fabriqu\u00e9e artisanal. La surface mate lui donne un look boh\u00e8me particulier<br \/>\nUtilisation flexible : ajoutez de l&rsquo;herbe de la pampa, des plumes, des fleurs s\u00e9ch\u00e9es, des fleurs artificielles et d&rsquo;autres articles de m\u00e9daille. Placez ce vase moderne sur les d\u00e9corations de table, \u00e0 cause les biblioth\u00e8ques, \u00e0 cause l&rsquo;acceptation ou partout o\u00f9 vous le souhaitez<br \/>\nVase fait artisanal : une \u0153uvre d&rsquo;art exquise. Ce vase est le cadeau Fini \u00e0 cause la famille et les amis. Il est particuli\u00e8rement acclimat\u00e9 \u00e0 cause les amateurs de vases uniques, d\u00e9coratifs et modernes<br \/>\nFini \u00e0 cause de nombreuses f\u00eates : ce vase en c\u00e9ramique est un cadeau Fini \u00e0 cause diverses occasions importantes telles que les anniversaires, la f\u00eate des m\u00e8res, No\u00ebl, Thanksgiving, le Nouvel An, etc. Offrez-les \u00e0 vos proches et amis \u2013 ils toucheront votre c\u0153ur<br \/>\nFinition professionnelle : nous sommes une manufacture avec de nombreuses ann\u00e9es d&rsquo;exp\u00e9rience \u00e0 cause la \u00e9laboration, le d\u00e9veloppement et la conception de vases de qualit\u00e9 abbesse \u00e0 cause votre maison. Si vous avez des questions sur les vases d\u00e9coratifs, veuillez nous le ex\u00e9cuter savoir<br \/>\n<\/p>\n","protected":false},"excerpt":{"rendered":"<p>Mat\u00e9riau de qualit\u00e9 sup\u00e9rieure : le vase \u00e0 fleurs beige est compos\u00e9 \u00e0 100 % de c\u00e9ramique et d&rsquo;argile fabriqu\u00e9e \u00e0 la main. La surface mate lui donne un look boh\u00e8me particulier<br \/>\nUtilisation flexible : ajoutez de l&rsquo;herbe de la pampa, des plumes, des fleurs s\u00e9ch\u00e9es, des fleurs artificielles et d&rsquo;autres articles de d\u00e9coration. Placez ce vase moderne sur les d\u00e9corations de table, dans les biblioth\u00e8ques, dans l&rsquo;entr\u00e9e ou partout o\u00f9 vous le souhaitez<br \/>\nVase fait \u00e0 la main : une \u0153uvre d&rsquo;art exquise. Ce vase est le cadeau id\u00e9al pour la famille et les amis. Il est particuli\u00e8rement adapt\u00e9 pour les amateurs de vases uniques, d\u00e9coratifs et modernes<\/p>\n","protected":false},"featured_media":1573,"comment_status":"open","ping_status":"closed","template":"","meta":[],"etheme_brands":[],"product_brand":[],"product_cat":[59,60],"product_tag":[],"class_list":{"0":"post-1571","1":"product","2":"type-product","3":"status-publish","4":"has-post-thumbnail","6":"product_cat-decoration-de-la-maison","7":"product_cat-vases","9":"first","10":"instock","11":"shipping-taxable","12":"purchasable","13":"product-type-simple"},"_links":{"self":[{"href":"https:\/\/zamala.fr\/index.php?rest_route=\/wp\/v2\/product\/1571","targetHints":{"allow":["GET"]}}],"collection":[{"href":"https:\/\/zamala.fr\/index.php?rest_route=\/wp\/v2\/product"}],"about":[{"href":"https:\/\/zamala.fr\/index.php?rest_route=\/wp\/v2\/types\/product"}],"replies":[{"embeddable":true,"href":"https:\/\/zamala.fr\/index.php?rest_route=%2Fwp%2Fv2%2Fcomments&post=1571"}],"version-history":[{"count":1,"href":"https:\/\/zamala.fr\/index.php?rest_route=\/wp\/v2\/product\/1571\/revisions"}],"predecessor-version":[{"id":1572,"href":"https:\/\/zamala.fr\/index.php?rest_route=\/wp\/v2\/product\/1571\/revisions\/1572"}],"wp:featuredmedia":[{"embeddable":true,"href":"https:\/\/zamala.fr\/index.php?rest_route=\/wp\/v2\/media\/1573"}],"wp:attachment":[{"href":"https:\/\/zamala.fr\/index.php?rest_route=%2Fwp%2Fv2%2Fmedia&parent=1571"}],"wp:term":[{"taxonomy":"brand","embeddable":true,"href":"https:\/\/zamala.fr\/index.php?rest_route=%2Fwp%2Fv2%2Fetheme_brands&post=1571"},{"taxonomy":"product_brand","embeddable":true,"href":"https:\/\/zamala.fr\/index.php?rest_route=%2Fwp%2Fv2%2Fproduct_brand&post=1571"},{"taxonomy":"product_cat","embeddable":true,"href":"https:\/\/zamala.fr\/index.php?rest_route=%2Fwp%2Fv2%2Fproduct_cat&post=1571"},{"taxonomy":"product_tag","embeddable":true,"href":"https:\/\/zamala.fr\/index.php?rest_route=%2Fwp%2Fv2%2Fproduct_tag&post=1571"}],"curies":[{"name":"wp","href":"https:\/\/api.w.org\/{rel}","templated":true}]}}