{"id":1579,"date":"2026-04-05T11:46:43","date_gmt":"2026-04-05T09:46:43","guid":{"rendered":"https:\/\/zamala.fr\/product\/grand-vase-en-cristal-en-forme-de-fleur-de-glace-verte-de-30-cm-de-haut-vase-moderne-epais-convient-pour-la-decoration-de-la-maison-les-centres-de-table-de-noel-les-cadeaux-des-meres-dore\/"},"modified":"2026-04-05T12:00:04","modified_gmt":"2026-04-05T10:00:04","slug":"grand-vase-en-cristal-en-forme-de-fleur-de-glace-verte-de-30-cm-de-haut-vase-moderne-epais-convient-pour-la-decoration-de-la-maison-les-centres-de-table-de-noel-les-cadeaux-des-meres-dore","status":"publish","type":"product","link":"https:\/\/zamala.fr\/?product=grand-vase-en-cristal-en-forme-de-fleur-de-glace-verte-de-30-cm-de-haut-vase-moderne-epais-convient-pour-la-decoration-de-la-maison-les-centres-de-table-de-noel-les-cadeaux-des-meres-dore","title":{"rendered":"Grand vase en cristal en forme de fleur de glace verte de 30 cm de haut &#8211; Vase moderne \u00e9pais &#8211; Convient pour la d\u00e9coration de la maison, les centres de table de No\u00ebl, les cadeaux des m\u00e8res (dor\u00e9)"},"content":{"rendered":"<p><!-- show up to 2 reviews by default --> <\/p>\n<p> <span>Ce vase est fabriqu\u00e9 en verre cristal fin en forme de fleurs de glace. Le vase est bleu et brillant, joliment grav\u00e9 \u00e0 cause am\u00e9liorer l&rsquo;r\u00eave. C&rsquo;est un mat\u00e9riau tr\u00e8s solide, capable d&rsquo;absorber les petites chutes et les secousses. Grav\u00e9 avec un abondante design en forme de Fleurs de Glace, il devient l&rsquo;article le plus aim\u00e9 et offert \u00e0 cause tous les \u00e2ges et toutes les occasions. Le vase est l&rsquo;article parfait \u00e0 cause la d\u00e9coration de la maison. \u00c0 utiliser principalement \u00e0 cause les fleurs, mais peut \u00eatre utilis\u00e9 \u00e0 cause tout, ou pour ainsi dire d\u00e9coration. En raison des entrep\u00f4ts froids d&rsquo;Amazon, le vase peut ravager voil\u00e9 &#8211; la solution est de le laver \u00e0 l&rsquo;eau chaude et l&rsquo;r\u00e9sonance reviendra. Remarque : lessive livre uniquement.<\/span> <\/p>\n<p>Caract\u00e9ristiques du vase : 30 cm de hauteur x 11,9 cm de largeur, convient \u00e0 cause cinq ou six fleurs. Convient non seulement \u00e0 cause les plantes vertes et les fleurs s\u00e9ch\u00e9es ou artificielles, mais peut \u00e9galement contenir de l&rsquo;eau \u00e0 cause arroser les fleurs. Il est \u00e9galement adapt\u00e9 \u00e0 cause le remplissage de vase (Remarque : en raison du design fait livre, les tailles de chaque lot de vases peuvent varier, merci de votre compr\u00e9hension)<br \/>\nDesign et forme : Ce vase de 30 cm de hauteur pr\u00e9sente un design \u00e9l\u00e9gant. Grav\u00e9 avec un abondante design en forme de Fleurs de Glace ; c\u00e9l\u00e9brant v\u00e9ritablement l\u2019engagement et l\u2019amour \u00e9ternel. Production de verre de cristal, le vase est plus \u00e9blouissant que le vase g\u00e9n\u00e9ral, en particulier en r\u00e9fl\u00e9chissant la lumi\u00e8re, le vase sera tr\u00e8s lumineux. Pas de coins tranchants, de bulles et de plis sur le verre, s\u00fbr et beau. Facile \u00e0 laver et r\u00e9sistant aux chocs.<br \/>\nEmballage en mousse : pas facile \u00e0 d\u00e9truire pendant le transport.<br \/>\nId\u00e9e Cadeau Exceptionnelle : Excellent cadeau \u00e0 cause No\u00ebl, Mariage, Anniversaire, C\u00e9l\u00e9bration<br \/>\nO\u00f9 l&rsquo;utiliser : non seulement \u00e0 cause la d\u00e9coration de la maison, mais aussi \u00e0 cause la d\u00e9coration de restaurant, la d\u00e9coration de magasin de fleurs, la d\u00e9coration de bureau, maison, jardin, clo\u00eetre, magasin, mariage, table basse, centres de table, table \u00e0 manger, salon, d\u00e9corations d&rsquo;\u00e9v\u00e9nements de f\u00eate.<br \/>\n<\/p>\n","protected":false},"excerpt":{"rendered":"<p>Caract\u00e9ristiques du vase : 30 cm de hauteur x 11,9 cm de largeur, convient pour cinq ou six fleurs. Convient non seulement pour les plantes vertes et les fleurs s\u00e9ch\u00e9es ou artificielles, mais peut \u00e9galement contenir de l&rsquo;eau pour arroser les fleurs. Il est \u00e9galement adapt\u00e9 pour le remplissage de vase (Remarque : en raison du design fait \u00e0 la main, les tailles de chaque lot de vases peuvent varier, merci de votre compr\u00e9hension)<br \/>\nDesign et forme : Ce vase de 30 cm de hauteur pr\u00e9sente un design \u00e9l\u00e9gant. Grav\u00e9 avec un magnifique design en forme de Fleurs de Glace ; c\u00e9l\u00e9brant v\u00e9ritablement l\u2019engagement et l\u2019amour \u00e9ternel. Production de verre de cristal, le vase est plus \u00e9blouissant que le vase g\u00e9n\u00e9ral, en particulier en r\u00e9fl\u00e9chissant la lumi\u00e8re, le vase sera tr\u00e8s lumineux. Pas de coins tranchants, de bulles et de plis sur le verre, s\u00fbr et beau. Facile \u00e0 laver et r\u00e9sistant aux chocs.<br \/>\nEmballage en mousse : pas facile \u00e0 casser pendant le transport.<\/p>\n","protected":false},"featured_media":1581,"comment_status":"open","ping_status":"closed","template":"","meta":[],"etheme_brands":[],"product_brand":[],"product_cat":[59,60],"product_tag":[],"class_list":{"0":"post-1579","1":"product","2":"type-product","3":"status-publish","4":"has-post-thumbnail","6":"product_cat-decoration-de-la-maison","7":"product_cat-vases","9":"first","10":"instock","11":"featured","12":"shipping-taxable","13":"purchasable","14":"product-type-simple"},"_links":{"self":[{"href":"https:\/\/zamala.fr\/index.php?rest_route=\/wp\/v2\/product\/1579","targetHints":{"allow":["GET"]}}],"collection":[{"href":"https:\/\/zamala.fr\/index.php?rest_route=\/wp\/v2\/product"}],"about":[{"href":"https:\/\/zamala.fr\/index.php?rest_route=\/wp\/v2\/types\/product"}],"replies":[{"embeddable":true,"href":"https:\/\/zamala.fr\/index.php?rest_route=%2Fwp%2Fv2%2Fcomments&post=1579"}],"version-history":[{"count":1,"href":"https:\/\/zamala.fr\/index.php?rest_route=\/wp\/v2\/product\/1579\/revisions"}],"predecessor-version":[{"id":1580,"href":"https:\/\/zamala.fr\/index.php?rest_route=\/wp\/v2\/product\/1579\/revisions\/1580"}],"wp:featuredmedia":[{"embeddable":true,"href":"https:\/\/zamala.fr\/index.php?rest_route=\/wp\/v2\/media\/1581"}],"wp:attachment":[{"href":"https:\/\/zamala.fr\/index.php?rest_route=%2Fwp%2Fv2%2Fmedia&parent=1579"}],"wp:term":[{"taxonomy":"brand","embeddable":true,"href":"https:\/\/zamala.fr\/index.php?rest_route=%2Fwp%2Fv2%2Fetheme_brands&post=1579"},{"taxonomy":"product_brand","embeddable":true,"href":"https:\/\/zamala.fr\/index.php?rest_route=%2Fwp%2Fv2%2Fproduct_brand&post=1579"},{"taxonomy":"product_cat","embeddable":true,"href":"https:\/\/zamala.fr\/index.php?rest_route=%2Fwp%2Fv2%2Fproduct_cat&post=1579"},{"taxonomy":"product_tag","embeddable":true,"href":"https:\/\/zamala.fr\/index.php?rest_route=%2Fwp%2Fv2%2Fproduct_tag&post=1579"}],"curies":[{"name":"wp","href":"https:\/\/api.w.org\/{rel}","templated":true}]}}