{"id":1588,"date":"2026-04-05T11:47:07","date_gmt":"2026-04-05T09:47:07","guid":{"rendered":"https:\/\/zamala.fr\/product\/grand-vase-en-cristal-en-forme-de-fleur-de-glace-bleue-de-30-cm-de-haut-vase-moderne-epais-convient-pour-la-decoration-de-la-maison-les-centres-de-table-de-noel-les-cadeaux-des-meres-bleu\/"},"modified":"2026-04-05T11:59:53","modified_gmt":"2026-04-05T09:59:53","slug":"grand-vase-en-cristal-en-forme-de-fleur-de-glace-bleue-de-30-cm-de-haut-vase-moderne-epais-convient-pour-la-decoration-de-la-maison-les-centres-de-table-de-noel-les-cadeaux-des-meres-bleu","status":"publish","type":"product","link":"https:\/\/zamala.fr\/?product=grand-vase-en-cristal-en-forme-de-fleur-de-glace-bleue-de-30-cm-de-haut-vase-moderne-epais-convient-pour-la-decoration-de-la-maison-les-centres-de-table-de-noel-les-cadeaux-des-meres-bleu","title":{"rendered":"Grand vase en cristal en forme de fleur de glace bleue de 30 cm de haut &#8211; Vase moderne \u00e9pais &#8211; Convient pour la d\u00e9coration de la maison, les centres de table de No\u00ebl, les cadeaux des m\u00e8res (bleu)"},"content":{"rendered":"<p><!-- show up to 2 reviews by default --> <\/p>\n<p> <span>Ce vase est fabriqu\u00e9 en verre cristal fin en forme de fleurs de glace. Le vase est bleu et brillant, joliment grav\u00e9 dans am\u00e9liorer le look. C&rsquo;est un mat\u00e9riau tr\u00e8s r\u00e9sistant, peut absorber les petites chutes et les cabanes. Grav\u00e9 avec un abondante design en forme de fleurs de glace, ce qui en fait l&rsquo;article le plus appr\u00e9ci\u00e9 et pr\u00e9sent\u00e9 \u00e0 immoler \u00e0 tous les \u00e2ges et occasions. Le vase est l&rsquo;article parfait dans la d\u00e9coration de la maison. \u00c0 utiliser principalement dans les fleurs, mais peut \u00eatre utilis\u00e9 dans tout, ou pour ainsi dire d\u00e9coration. En raison du froid des entrep\u00f4ts Amazon, le vase peut remuer trouble. La solution est de laver \u00e0 l&rsquo;eau chaude et l&rsquo;tonalit\u00e9 reviendra. Remarque : lessive manuel uniquement.<\/span> <\/p>\n<p>Caract\u00e9ristiques du vase : 30 cm de hauteur x 11,9 cm de largeur, convient dans cinq ou six fleurs. Convient non seulement dans les plantes vertes et les fleurs s\u00e9ch\u00e9es ou artificielles, mais peut \u00e9galement contenir de l&rsquo;eau dans arroser les fleurs. Il est \u00e9galement adapt\u00e9 dans le remplissage de vase (Remarque : en raison du design fait manuel, les tailles de chaque lot de vases peuvent varier, merci de votre compr\u00e9hension)<br \/>\nDesign et forme : ce vase de 30 cm de haut a un design \u00e9l\u00e9gant. Grav\u00e9 avec un abondante design en forme de fleurs de glace ; c\u00e9l\u00e9brant v\u00e9ritablement l&rsquo;engagement et l&rsquo;amour \u00e9ternel. Production en verre de cristal, le vase est plus \u00e9blouissant qu&rsquo;un vase ordinaire, particuli\u00e8rement en r\u00e9fl\u00e9chissant la lumi\u00e8re, le vase sera tr\u00e8s brillant. Pas de coins tranchants, de bulles et de plis sur le verre, s\u00fbr et beau. Facile \u00e0 laver et r\u00e9sistant aux chocs.<br \/>\nEmballage en mousse : pas facile \u00e0 d\u00e9t\u00e9riorer pendant le transport.<br \/>\nId\u00e9e Cadeau Fantastique : Excellent cadeau dans No\u00ebl, Mariage, Anniversaire, Comm\u00e9moration,<br \/>\nO\u00f9 l&rsquo;utiliser : non seulement dans la d\u00e9coration de la maison, mais aussi dans la d\u00e9coration de restaurant, la d\u00e9coration de magasin de fleurs, la d\u00e9coration de bureau, maison, jardin, abbatiale, magasin, mariage, table basse, centres de table, table \u00e0 manger, salon, d\u00e9corations d&rsquo;\u00e9v\u00e9nements et de f\u00eates.<br \/>\n<\/p>\n","protected":false},"excerpt":{"rendered":"<p>Caract\u00e9ristiques du vase : 30 cm de hauteur x 11,9 cm de largeur, convient pour cinq ou six fleurs. Convient non seulement pour les plantes vertes et les fleurs s\u00e9ch\u00e9es ou artificielles, mais peut \u00e9galement contenir de l&rsquo;eau pour arroser les fleurs. Il est \u00e9galement adapt\u00e9 pour le remplissage de vase (Remarque : en raison du design fait \u00e0 la main, les tailles de chaque lot de vases peuvent varier, merci de votre compr\u00e9hension)<br \/>\nDesign et forme : ce vase de 30 cm de haut a un design \u00e9l\u00e9gant. Grav\u00e9 avec un magnifique design en forme de fleurs de glace ; c\u00e9l\u00e9brant v\u00e9ritablement l&rsquo;engagement et l&rsquo;amour \u00e9ternel. Production en verre de cristal, le vase est plus \u00e9blouissant qu&rsquo;un vase ordinaire, particuli\u00e8rement en r\u00e9fl\u00e9chissant la lumi\u00e8re, le vase sera tr\u00e8s brillant. Pas de coins tranchants, de bulles et de plis sur le verre, s\u00fbr et beau. Facile \u00e0 laver et r\u00e9sistant aux chocs.<br \/>\nEmballage en mousse : pas facile \u00e0 casser pendant le transport.<\/p>\n","protected":false},"featured_media":1590,"comment_status":"open","ping_status":"closed","template":"","meta":[],"etheme_brands":[],"product_brand":[],"product_cat":[59,60],"product_tag":[],"class_list":{"0":"post-1588","1":"product","2":"type-product","3":"status-publish","4":"has-post-thumbnail","6":"product_cat-decoration-de-la-maison","7":"product_cat-vases","9":"first","10":"instock","11":"shipping-taxable","12":"purchasable","13":"product-type-simple"},"_links":{"self":[{"href":"https:\/\/zamala.fr\/index.php?rest_route=\/wp\/v2\/product\/1588","targetHints":{"allow":["GET"]}}],"collection":[{"href":"https:\/\/zamala.fr\/index.php?rest_route=\/wp\/v2\/product"}],"about":[{"href":"https:\/\/zamala.fr\/index.php?rest_route=\/wp\/v2\/types\/product"}],"replies":[{"embeddable":true,"href":"https:\/\/zamala.fr\/index.php?rest_route=%2Fwp%2Fv2%2Fcomments&post=1588"}],"version-history":[{"count":1,"href":"https:\/\/zamala.fr\/index.php?rest_route=\/wp\/v2\/product\/1588\/revisions"}],"predecessor-version":[{"id":1589,"href":"https:\/\/zamala.fr\/index.php?rest_route=\/wp\/v2\/product\/1588\/revisions\/1589"}],"wp:featuredmedia":[{"embeddable":true,"href":"https:\/\/zamala.fr\/index.php?rest_route=\/wp\/v2\/media\/1590"}],"wp:attachment":[{"href":"https:\/\/zamala.fr\/index.php?rest_route=%2Fwp%2Fv2%2Fmedia&parent=1588"}],"wp:term":[{"taxonomy":"brand","embeddable":true,"href":"https:\/\/zamala.fr\/index.php?rest_route=%2Fwp%2Fv2%2Fetheme_brands&post=1588"},{"taxonomy":"product_brand","embeddable":true,"href":"https:\/\/zamala.fr\/index.php?rest_route=%2Fwp%2Fv2%2Fproduct_brand&post=1588"},{"taxonomy":"product_cat","embeddable":true,"href":"https:\/\/zamala.fr\/index.php?rest_route=%2Fwp%2Fv2%2Fproduct_cat&post=1588"},{"taxonomy":"product_tag","embeddable":true,"href":"https:\/\/zamala.fr\/index.php?rest_route=%2Fwp%2Fv2%2Fproduct_tag&post=1588"}],"curies":[{"name":"wp","href":"https:\/\/api.w.org\/{rel}","templated":true}]}}