{"id":1596,"date":"2026-04-05T11:55:21","date_gmt":"2026-04-05T09:55:21","guid":{"rendered":"https:\/\/zamala.fr\/product\/michaelnoll-vase-a-fleurs-en-aluminium-argente-de-luxe-l-37-cm\/"},"modified":"2026-04-05T11:59:41","modified_gmt":"2026-04-05T09:59:41","slug":"michaelnoll-vase-a-fleurs-en-aluminium-argente-de-luxe-l-37-cm","status":"publish","type":"product","link":"https:\/\/zamala.fr\/?product=michaelnoll-vase-a-fleurs-en-aluminium-argente-de-luxe-l-37-cm","title":{"rendered":"MichaelNoll Vase \u00e0 fleurs en aluminium argent\u00e9 de luxe L 37 cm"},"content":{"rendered":"<p>Luxe pour votre int\u00e9rieur : un vase de qualit\u00e9 soeur en aluminium \u00e9pais. Ce superbe vase sera particuli\u00e8rement beau pour une consentement, sur un rebord de fen\u00eatre, sur une commode pour le salon ou un bureau chic. Le vase poss\u00e8de un pied lourd et est donc trop stable sur le sol. Le vase orn\u00e9 de fleurs artificielles, ou m\u00eame le vase seul sans prime, est trop \u00e9l\u00e9gant et attire tous les regards.<br \/>\n100 % certificat main : le vase en aluminium a \u00e9t\u00e9 soigneusement fabriqu\u00e9 pr\u00e9cis. Chacun des vases a \u00e9t\u00e9 coul\u00e9 en aluminium massif.<br \/>\nMat\u00e9riau : le vase est en aluminium massif<br \/>\nCouleur : la couleur du vase est en aluminium argent\u00e9. Il s&rsquo;agit d&rsquo;un pr\u00e9bende \u00ab Alu-Raw \u00bb, ce qui signifie que la surface n&rsquo;a pas \u00e9t\u00e9 gracieuse. La couleur argent\u00e9e est particuli\u00e8rement intemporelle pour le domaine des accessoires de maison et des meubles et s&rsquo;int\u00e8gre bien pour tous les styles d&rsquo;int\u00e9rieur.<br \/>\nDimensions : 29 x 10,5 x 37 cm<br \/>\n<\/p>\n","protected":false},"excerpt":{"rendered":"<p>Luxe pour votre int\u00e9rieur : un vase de qualit\u00e9 sup\u00e9rieure en aluminium \u00e9pais. Ce superbe vase sera particuli\u00e8rement beau dans une entr\u00e9e, sur un rebord de fen\u00eatre, sur une commode dans le salon ou un bureau chic. Le vase poss\u00e8de un pied lourd et est donc tr\u00e8s stable sur le sol. Le vase orn\u00e9 de fleurs artificielles, ou m\u00eame le vase seul sans d\u00e9coration, est tr\u00e8s \u00e9l\u00e9gant et attire tous les regards.<br \/>\n100 % fait main : le vase en aluminium a \u00e9t\u00e9 soigneusement fabriqu\u00e9 \u00e0 la main. Chacun des vases a \u00e9t\u00e9 coul\u00e9 en aluminium massif.<br \/>\nMat\u00e9riau : le vase est en aluminium massif<\/p>\n","protected":false},"featured_media":1598,"comment_status":"open","ping_status":"closed","template":"","meta":[],"etheme_brands":[],"product_brand":[],"product_cat":[59,60],"product_tag":[],"class_list":{"0":"post-1596","1":"product","2":"type-product","3":"status-publish","4":"has-post-thumbnail","6":"product_cat-decoration-de-la-maison","7":"product_cat-vases","9":"first","10":"instock","11":"shipping-taxable","12":"purchasable","13":"product-type-simple"},"_links":{"self":[{"href":"https:\/\/zamala.fr\/index.php?rest_route=\/wp\/v2\/product\/1596","targetHints":{"allow":["GET"]}}],"collection":[{"href":"https:\/\/zamala.fr\/index.php?rest_route=\/wp\/v2\/product"}],"about":[{"href":"https:\/\/zamala.fr\/index.php?rest_route=\/wp\/v2\/types\/product"}],"replies":[{"embeddable":true,"href":"https:\/\/zamala.fr\/index.php?rest_route=%2Fwp%2Fv2%2Fcomments&post=1596"}],"version-history":[{"count":1,"href":"https:\/\/zamala.fr\/index.php?rest_route=\/wp\/v2\/product\/1596\/revisions"}],"predecessor-version":[{"id":1597,"href":"https:\/\/zamala.fr\/index.php?rest_route=\/wp\/v2\/product\/1596\/revisions\/1597"}],"wp:featuredmedia":[{"embeddable":true,"href":"https:\/\/zamala.fr\/index.php?rest_route=\/wp\/v2\/media\/1598"}],"wp:attachment":[{"href":"https:\/\/zamala.fr\/index.php?rest_route=%2Fwp%2Fv2%2Fmedia&parent=1596"}],"wp:term":[{"taxonomy":"brand","embeddable":true,"href":"https:\/\/zamala.fr\/index.php?rest_route=%2Fwp%2Fv2%2Fetheme_brands&post=1596"},{"taxonomy":"product_brand","embeddable":true,"href":"https:\/\/zamala.fr\/index.php?rest_route=%2Fwp%2Fv2%2Fproduct_brand&post=1596"},{"taxonomy":"product_cat","embeddable":true,"href":"https:\/\/zamala.fr\/index.php?rest_route=%2Fwp%2Fv2%2Fproduct_cat&post=1596"},{"taxonomy":"product_tag","embeddable":true,"href":"https:\/\/zamala.fr\/index.php?rest_route=%2Fwp%2Fv2%2Fproduct_tag&post=1596"}],"curies":[{"name":"wp","href":"https:\/\/api.w.org\/{rel}","templated":true}]}}