{"id":1614,"date":"2026-04-05T12:14:22","date_gmt":"2026-04-05T10:14:22","guid":{"rendered":"https:\/\/zamala.fr\/product\/lccck-vase-en-verre-souffle-a-la-main-pour-centres-de-table-decoration-dinterieur-et-de-mariage-bleu-sarcelle-241-cm-de-haut\/"},"modified":"2026-04-05T12:25:05","modified_gmt":"2026-04-05T10:25:05","slug":"lccck-vase-en-verre-souffle-a-la-main-pour-centres-de-table-decoration-dinterieur-et-de-mariage-bleu-sarcelle-241-cm-de-haut","status":"publish","type":"product","link":"https:\/\/zamala.fr\/?product=lccck-vase-en-verre-souffle-a-la-main-pour-centres-de-table-decoration-dinterieur-et-de-mariage-bleu-sarcelle-241-cm-de-haut","title":{"rendered":"LCCCK Vase en Verre souffl\u00e9 \u00e0 la Main pour centres de Table, d\u00e9coration d&rsquo;int\u00e9rieur et de Mariage Bleu Sarcelle 24,1 cm de Haut"},"content":{"rendered":"<p><!-- show up to 2 reviews by default --> <\/p>\n<p> <span>Style Murano exquis : ce vase en verre souffl\u00e9 pr\u00e9cis capture l&rsquo;essence de la tradition de Murano avec une touche moderne. Ses dimensions g\u00e9n\u00e9reuses de 14 cm de largeur et 24 cm de hauteur en font un vase art d\u00e9co aussi fonctionnel que beau, parfait \u00e0 cause exposer des fleurs ou debout seul presque pi\u00e8ce ma\u00eetresse \u00e0 cause n&rsquo;importe quelle entr\u00e9e ou salon. <br \/>Centre de table \u00e9l\u00e9gant polyvalent : que ce soit \u00e0 cause d\u00e9corer une table de mariage ou d&rsquo;ancrer un centre de table de salle \u00e0 manger, la luxuriant ouverture de ce vase de 6,1 cm permet une gamme d&rsquo;arrangements floraux, des fleurs d\u00e9licates aux bouquets spectaculaires, ce qui le rend id\u00e9al \u00e0 cause cr\u00e9er de superbes centres de table vases. <br \/>Art moderne du verre : le design \u00e9l\u00e9gant et contemporain de ce vase en verre moderne se marie parfaitement avec n&rsquo;importe quel style de d\u00e9coration d&rsquo;int\u00e9rieur, du minimaliste \u00e0 l&rsquo;ornement, et sa texture claire inspir\u00e9e du verre de mer ajoute une touche de sophistication \u00e0 n&rsquo;importe quelle d\u00e9coration de table ou d&rsquo;entr\u00e9e.<\/span> <\/p>\n<p>Style Murano exquis : ce vase en verre souffl\u00e9 pr\u00e9cis capture l&rsquo;essence de la tradition de Murano avec une touche moderne. Ses dimensions g\u00e9n\u00e9reuses de 14 cm de largeur et 24 cm de hauteur en font un vase art d\u00e9co aussi fonctionnel que beau, parfait \u00e0 cause exposer des fleurs ou debout seul presque pi\u00e8ce ma\u00eetresse \u00e0 cause n&rsquo;importe quelle entr\u00e9e ou salon.<br \/>\nCentre de table \u00e9l\u00e9gant polyvalent : que ce soit \u00e0 cause d\u00e9corer une table de mariage ou d&rsquo;ancrer un centre de table de salle \u00e0 manger, la luxuriant ouverture de ce vase de 6,1 cm permet une gamme d&rsquo;arrangements floraux, des fleurs d\u00e9licates aux bouquets spectaculaires, ce qui le rend id\u00e9al \u00e0 cause cr\u00e9er de superbes centres de table vases.<br \/>\nArt moderne du verre : le design \u00e9l\u00e9gant et contemporain de ce vase en verre moderne se marie parfaitement avec n&rsquo;importe quel style de d\u00e9coration d&rsquo;int\u00e9rieur, du minimaliste \u00e0 l&rsquo;ornement, et sa texture claire inspir\u00e9e du verre de mer ajoute une touche de sophistication \u00e0 n&rsquo;importe quelle d\u00e9coration de table ou d&rsquo;entr\u00e9e.<br \/>\nAccent de cristal de luxe : avec l&rsquo;leurre et la sensation d&rsquo;un vase en cristal, cette pi\u00e8ce offre un luxe accort qui \u00e9l\u00e8ve n&rsquo;importe quel g\u00e2t\u00e9. Ce n&rsquo;est pas seulement un vase, c&rsquo;est une \u0153uvre d&rsquo;art, ce qui en fait l&rsquo;un des jarrones grandes para sala elegantes qui serait ch\u00e9ri \u00e0 cause n&rsquo;importe quel environnement.<br \/>\nCadeau pr\u00e9cieux \u00e0 cause toutes les occasions : pr\u00e9sentez cette d\u00e9coration en verre souffl\u00e9 presque un cadeau attentionn\u00e9 \u00e0 cause une pendaison de cr\u00e9maill\u00e8re, un anniversaire, ou presque un abr\u00e9g\u00e9 m\u00e9morable \u00e0 cause l&rsquo;h\u00f4te. Son \u00e9l\u00e9gance intemporelle et son savoir-faire p\u00e8re en font un cadeau qui sera ch\u00e9ri et affich\u00e9 avec fiert\u00e9.<br \/>\n<\/p>\n","protected":false},"excerpt":{"rendered":"<p>Style Murano exquis : ce vase en verre souffl\u00e9 \u00e0 la main capture l&rsquo;essence de la tradition de Murano avec une touche moderne. Ses dimensions g\u00e9n\u00e9reuses de 14 cm de largeur et 24 cm de hauteur en font un vase art d\u00e9co aussi fonctionnel que beau, parfait pour exposer des fleurs ou debout seul comme pi\u00e8ce ma\u00eetresse dans n&rsquo;importe quelle entr\u00e9e ou salon.<br \/>\nCentre de table \u00e9l\u00e9gant polyvalent : que ce soit pour d\u00e9corer une table de mariage ou d&rsquo;ancrer un centre de table de salle \u00e0 manger, la large ouverture de ce vase de 6,1 cm permet une gamme d&rsquo;arrangements floraux, des fleurs d\u00e9licates aux bouquets spectaculaires, ce qui le rend id\u00e9al pour cr\u00e9er de superbes centres de table vases.<br \/>\nArt moderne du verre : le design \u00e9l\u00e9gant et contemporain de ce vase en verre moderne se marie parfaitement avec n&rsquo;importe quel style de d\u00e9coration d&rsquo;int\u00e9rieur, du minimaliste \u00e0 l&rsquo;ornement, et sa texture claire inspir\u00e9e du verre de mer ajoute une touche de sophistication \u00e0 n&rsquo;importe quelle d\u00e9coration de table ou d&rsquo;entr\u00e9e.<\/p>\n","protected":false},"featured_media":1616,"comment_status":"open","ping_status":"closed","template":"","meta":[],"etheme_brands":[],"product_brand":[],"product_cat":[59,60],"product_tag":[],"class_list":{"0":"post-1614","1":"product","2":"type-product","3":"status-publish","4":"has-post-thumbnail","6":"product_cat-decoration-de-la-maison","7":"product_cat-vases","9":"first","10":"instock","11":"shipping-taxable","12":"purchasable","13":"product-type-simple"},"_links":{"self":[{"href":"https:\/\/zamala.fr\/index.php?rest_route=\/wp\/v2\/product\/1614","targetHints":{"allow":["GET"]}}],"collection":[{"href":"https:\/\/zamala.fr\/index.php?rest_route=\/wp\/v2\/product"}],"about":[{"href":"https:\/\/zamala.fr\/index.php?rest_route=\/wp\/v2\/types\/product"}],"replies":[{"embeddable":true,"href":"https:\/\/zamala.fr\/index.php?rest_route=%2Fwp%2Fv2%2Fcomments&post=1614"}],"version-history":[{"count":1,"href":"https:\/\/zamala.fr\/index.php?rest_route=\/wp\/v2\/product\/1614\/revisions"}],"predecessor-version":[{"id":1615,"href":"https:\/\/zamala.fr\/index.php?rest_route=\/wp\/v2\/product\/1614\/revisions\/1615"}],"wp:featuredmedia":[{"embeddable":true,"href":"https:\/\/zamala.fr\/index.php?rest_route=\/wp\/v2\/media\/1616"}],"wp:attachment":[{"href":"https:\/\/zamala.fr\/index.php?rest_route=%2Fwp%2Fv2%2Fmedia&parent=1614"}],"wp:term":[{"taxonomy":"brand","embeddable":true,"href":"https:\/\/zamala.fr\/index.php?rest_route=%2Fwp%2Fv2%2Fetheme_brands&post=1614"},{"taxonomy":"product_brand","embeddable":true,"href":"https:\/\/zamala.fr\/index.php?rest_route=%2Fwp%2Fv2%2Fproduct_brand&post=1614"},{"taxonomy":"product_cat","embeddable":true,"href":"https:\/\/zamala.fr\/index.php?rest_route=%2Fwp%2Fv2%2Fproduct_cat&post=1614"},{"taxonomy":"product_tag","embeddable":true,"href":"https:\/\/zamala.fr\/index.php?rest_route=%2Fwp%2Fv2%2Fproduct_tag&post=1614"}],"curies":[{"name":"wp","href":"https:\/\/api.w.org\/{rel}","templated":true}]}}