{"id":1639,"date":"2026-04-05T12:17:07","date_gmt":"2026-04-05T10:17:07","guid":{"rendered":"https:\/\/zamala.fr\/product\/botanik-vase-en-verre-de-luxe-de-qualite-superieure\/"},"modified":"2026-04-05T12:24:07","modified_gmt":"2026-04-05T10:24:07","slug":"botanik-vase-en-verre-de-luxe-de-qualite-superieure","status":"publish","type":"product","link":"https:\/\/zamala.fr\/?product=botanik-vase-en-verre-de-luxe-de-qualite-superieure","title":{"rendered":"Botanik Vase en Verre de Luxe de qualit\u00e9 sup\u00e9rieure"},"content":{"rendered":"<p><!-- show up to 2 reviews by default --> <\/p>\n<p> <span>\u00c9l\u00e9gant vase en verre gris fum\u00e9 fabriqu\u00e9 \u00e0 cause un design de style bulle, mesurant 35 cm x 22 cm x 22 cm \u00e0 ses points les plus larges. Le bord higoum\u00e8ne, avec un diam\u00e8tre de 8 cm, ajoute une touche de sophistication \u00e0 cette pi\u00e8ce confortable. Fabriqu\u00e9 \u00e0 brusquement de verre \u00e9pais, ce vase est tyrannique \u00e0 cause mettre en clef \u00e0 la fois des fleurs r\u00e9elles et artificielles. Chaque vase est r\u00e9volu abr\u00e9g\u00e9, r\u00e9sultant en des variations uniques. Bien que nous ayons fourni des images avec des fleurs artificielles \u00e0 cause r\u00e9f\u00e9rence de taille, veuillez noter que les fleurs ne sont pas incluses avec le vase.<\/span> <\/p>\n<p>Vase en verre style bulle gris fum\u00e9<br \/>\n35 cm x 22 cm x 22 cm aux points les plus larges<br \/>\nLe bord higoum\u00e8ne plus \u00e9troit mesure 8 cm de diam\u00e8tre<br \/>\nConvient aussi bien aux vraies fleurs qu&rsquo;aux fleurs artificielles. Limite abr\u00e9g\u00e9.<br \/>\nAucune fleur n&rsquo;est incluse avec ce vase, photos \u00e0 titre d&rsquo;illustration uniquement.<br \/>\n<\/p>\n","protected":false},"excerpt":{"rendered":"<p>Vase en verre style bulle gris fum\u00e9<br \/>\n35 cm x 22 cm x 22 cm aux points les plus larges<br \/>\nLe bord sup\u00e9rieur plus \u00e9troit mesure 8 cm de diam\u00e8tre<\/p>\n","protected":false},"featured_media":1641,"comment_status":"open","ping_status":"closed","template":"","meta":[],"etheme_brands":[],"product_brand":[],"product_cat":[59,60],"product_tag":[],"class_list":{"0":"post-1639","1":"product","2":"type-product","3":"status-publish","4":"has-post-thumbnail","6":"product_cat-decoration-de-la-maison","7":"product_cat-vases","9":"first","10":"instock","11":"shipping-taxable","12":"purchasable","13":"product-type-simple"},"_links":{"self":[{"href":"https:\/\/zamala.fr\/index.php?rest_route=\/wp\/v2\/product\/1639","targetHints":{"allow":["GET"]}}],"collection":[{"href":"https:\/\/zamala.fr\/index.php?rest_route=\/wp\/v2\/product"}],"about":[{"href":"https:\/\/zamala.fr\/index.php?rest_route=\/wp\/v2\/types\/product"}],"replies":[{"embeddable":true,"href":"https:\/\/zamala.fr\/index.php?rest_route=%2Fwp%2Fv2%2Fcomments&post=1639"}],"version-history":[{"count":1,"href":"https:\/\/zamala.fr\/index.php?rest_route=\/wp\/v2\/product\/1639\/revisions"}],"predecessor-version":[{"id":1640,"href":"https:\/\/zamala.fr\/index.php?rest_route=\/wp\/v2\/product\/1639\/revisions\/1640"}],"wp:featuredmedia":[{"embeddable":true,"href":"https:\/\/zamala.fr\/index.php?rest_route=\/wp\/v2\/media\/1641"}],"wp:attachment":[{"href":"https:\/\/zamala.fr\/index.php?rest_route=%2Fwp%2Fv2%2Fmedia&parent=1639"}],"wp:term":[{"taxonomy":"brand","embeddable":true,"href":"https:\/\/zamala.fr\/index.php?rest_route=%2Fwp%2Fv2%2Fetheme_brands&post=1639"},{"taxonomy":"product_brand","embeddable":true,"href":"https:\/\/zamala.fr\/index.php?rest_route=%2Fwp%2Fv2%2Fproduct_brand&post=1639"},{"taxonomy":"product_cat","embeddable":true,"href":"https:\/\/zamala.fr\/index.php?rest_route=%2Fwp%2Fv2%2Fproduct_cat&post=1639"},{"taxonomy":"product_tag","embeddable":true,"href":"https:\/\/zamala.fr\/index.php?rest_route=%2Fwp%2Fv2%2Fproduct_tag&post=1639"}],"curies":[{"name":"wp","href":"https:\/\/api.w.org\/{rel}","templated":true}]}}